


{"id":77,"date":"2023-06-23T11:08:44","date_gmt":"2023-06-23T09:08:44","guid":{"rendered":"https:\/\/przedszkole125.edu.wroclaw.pl\/?page_id=77"},"modified":"2024-07-08T12:05:34","modified_gmt":"2024-07-08T10:05:34","slug":"miedzynarodowy-dzien-praw-dziecka-z-unicef-2021-dlakazdegodziecka","status":"publish","type":"page","link":"https:\/\/przedszkole125.edu.wroclaw.pl\/index.php\/klub-szkol-unicef\/miedzynarodowy-dzien-praw-dziecka-z-unicef-2021-dlakazdegodziecka\/","title":{"rendered":"Mi\u0119dzynarodowy Dzie\u0144 Praw Dziecka Z UNICEF 2021 #dlaka\u017cdegodziecka"},"content":{"rendered":"<div class=\"wpb-content-wrapper\"><p>[vc_row][vc_column][vc_column_text css=&#8221;&#8221;]<\/p>\n<h2><span style=\"font-size: 14pt;\">Spo\u0142eczno\u015b\u0107 naszego przedszkola po raz pierwszy uczestniczy\u0142a w obchodach Mi\u0119dzynarodowego Dnia Praw Dziecka z UNICEF. By\u0142o to dla nas wa\u017cne wydarzenie i chcieli\u015bmy w szczeg\u00f3lny spos\u00f3b go uczci\u0107. W zwi\u0105zku z tym podj\u0119to nast\u0119puj\u0105ce dzia\u0142ania:<\/span><\/h2>\n<ol>\n<li><span style=\"font-size: 14pt;\">\u201e Niech kolor nas po\u0142\u0105czy!\u201d \u2013 Poproszono rodzic\u00f3w, dzieci i personel przedszkola, aby 19 listopada ubra\u0107 si\u0119 na niebiesko aby w ten spos\u00f3b mentalnie po\u0142\u0105czy\u0107 si\u0119 z dzie\u0107mi i doros\u0142ymi z ca\u0142ego \u015bwiata, kt\u00f3rzy obchodz\u0105 to \u015bwi\u0119to. Odzew by\u0142 niesamowity! Wszystkie dzieci stawi\u0142y si\u0119 do przedszkola na niebiesko a i doro\u015bli nie zwiedli.<\/span><\/li>\n<li><span style=\"font-size: 14pt;\">Sale przedszkolne zosta\u0142y przystrojone w niebieskie kolory.<\/span><\/li>\n<li><span style=\"font-size: 14pt;\">Nauczycielki wsp\u00f3lnie z dzie\u0107mi przygotowa\u0142y tablice tematyczne zwi\u0105zane z prawami dziecka.<\/span><\/li>\n<li><span style=\"font-size: 14pt;\">Nauczycielki przeprowadzi\u0142y zaj\u0119cia o prawach dziecka w oparciu o scenariusze i pomoce dydaktyczne dostarczone przez koordynatora.<\/span><\/li>\n<li><span style=\"font-size: 14pt;\">Dzieci wykona\u0142y karty pracy i kolorowanki zwi\u0105zane z prawami dziecka.<\/span><\/li>\n<\/ol>\n<p data-fontsize=\"16\"><span style=\"font-size: 14pt;\">Wszystkie dzieci w tym dniu \u015bpiewa\u0142y, ta\u0144czy\u0142y i rado\u015bnie si\u0119 bawi\u0142y w my\u015bl maksymy naszego patrona Janusza Korczaka \u201e Niech si\u0119 dzieci \u015bmiej\u0105 niech b\u0119d\u0105 weso\u0142e!\u201d<\/span><\/p>\n<p>[\/vc_column_text][\/vc_column][\/vc_row][vc_row][vc_column][vc_gallery type=&#8221;image_grid&#8221; images=&#8221;80,81,82,83,86,84,85&#8243;][\/vc_column][\/vc_row]<\/p>\n<\/div>","protected":false},"excerpt":{"rendered":"<p>[vc_row][vc_column][vc_column_text css=&#8221;&#8221;] Spo\u0142eczno\u015b\u0107 naszego przedszkola po raz pierwszy uczestniczy\u0142a w obchodach Mi\u0119dzynarodowego Dnia Praw Dziecka z UNICEF. By\u0142o to dla nas wa\u017cne wydarzenie i chcieli\u015bmy w szczeg\u00f3lny spos\u00f3b go uczci\u0107. [&hellip;]<\/p>\n","protected":false},"author":72,"featured_media":0,"parent":25,"menu_order":0,"comment_status":"closed","ping_status":"closed","template":"","meta":{"footnotes":""},"class_list":["post-77","page","type-page","status-publish","hentry","clearfix"],"_links":{"self":[{"href":"https:\/\/przedszkole125.edu.wroclaw.pl\/index.php\/wp-json\/wp\/v2\/pages\/77","targetHints":{"allow":["GET"]}}],"collection":[{"href":"https:\/\/przedszkole125.edu.wroclaw.pl\/index.php\/wp-json\/wp\/v2\/pages"}],"about":[{"href":"https:\/\/przedszkole125.edu.wroclaw.pl\/index.php\/wp-json\/wp\/v2\/types\/page"}],"author":[{"embeddable":true,"href":"https:\/\/przedszkole125.edu.wroclaw.pl\/index.php\/wp-json\/wp\/v2\/users\/72"}],"replies":[{"embeddable":true,"href":"https:\/\/przedszkole125.edu.wroclaw.pl\/index.php\/wp-json\/wp\/v2\/comments?post=77"}],"version-history":[{"count":4,"href":"https:\/\/przedszkole125.edu.wroclaw.pl\/index.php\/wp-json\/wp\/v2\/pages\/77\/revisions"}],"predecessor-version":[{"id":1137,"href":"https:\/\/przedszkole125.edu.wroclaw.pl\/index.php\/wp-json\/wp\/v2\/pages\/77\/revisions\/1137"}],"up":[{"embeddable":true,"href":"https:\/\/przedszkole125.edu.wroclaw.pl\/index.php\/wp-json\/wp\/v2\/pages\/25"}],"wp:attachment":[{"href":"https:\/\/przedszkole125.edu.wroclaw.pl\/index.php\/wp-json\/wp\/v2\/media?parent=77"}],"curies":[{"name":"wp","href":"https:\/\/api.w.org\/{rel}","templated":true}]}}