


{"id":595,"date":"2023-09-19T13:18:00","date_gmt":"2023-09-19T11:18:00","guid":{"rendered":"https:\/\/przedszkole125.edu.wroclaw.pl\/?page_id=595"},"modified":"2025-09-30T06:21:28","modified_gmt":"2025-09-30T04:21:28","slug":"rada-rodzicow","status":"publish","type":"page","link":"https:\/\/przedszkole125.edu.wroclaw.pl\/index.php\/rada-rodzicow\/","title":{"rendered":"Rada Rodzic\u00f3w"},"content":{"rendered":"<div class=\"wpb-content-wrapper\"><p>[vc_row][vc_column][vc_column_text css=&#8221;&#8221;]<\/p>\n<h2>Rada Rodzic\u00f3w Przedszkola Integracyjnego nr 125<\/h2>\n<p>ul. \u015acinawska 10<br \/>\n53- 642 Wroc\u0142aw<\/p>\n<p>Szanowni Pa\u0144stwo,<\/p>\n<p>informujemy, \u017ce od <strong>wrze\u015bnia 2025r<\/strong>. wp\u0142aty na Rad\u0119 Rodzic\u00f3w b\u0119d\u0105 przyjmowane wy\u0142\u0105cznie u skarbnika w grupie przedszkolnej.<\/p>\n<p style=\"text-align: right\">Z powa\u017caniem,<\/p>\n<p style=\"text-align: right\">Dyrektor<\/p>\n<p>\u00a0[\/vc_column_text][\/vc_column][\/vc_row]<\/p>\n<\/div>","protected":false},"excerpt":{"rendered":"<p>[vc_row][vc_column][vc_column_text css=&#8221;&#8221;] Rada Rodzic\u00f3w Przedszkola Integracyjnego nr 125 ul. \u015acinawska 10 53- 642 Wroc\u0142aw Szanowni Pa\u0144stwo, informujemy, \u017ce od wrze\u015bnia 2025r. wp\u0142aty na Rad\u0119 Rodzic\u00f3w b\u0119d\u0105 przyjmowane wy\u0142\u0105cznie u skarbnika [&hellip;]<\/p>\n","protected":false},"author":384,"featured_media":0,"parent":0,"menu_order":0,"comment_status":"closed","ping_status":"closed","template":"","meta":{"footnotes":""},"class_list":["post-595","page","type-page","status-publish","hentry","clearfix"],"_links":{"self":[{"href":"https:\/\/przedszkole125.edu.wroclaw.pl\/index.php\/wp-json\/wp\/v2\/pages\/595","targetHints":{"allow":["GET"]}}],"collection":[{"href":"https:\/\/przedszkole125.edu.wroclaw.pl\/index.php\/wp-json\/wp\/v2\/pages"}],"about":[{"href":"https:\/\/przedszkole125.edu.wroclaw.pl\/index.php\/wp-json\/wp\/v2\/types\/page"}],"author":[{"embeddable":true,"href":"https:\/\/przedszkole125.edu.wroclaw.pl\/index.php\/wp-json\/wp\/v2\/users\/384"}],"replies":[{"embeddable":true,"href":"https:\/\/przedszkole125.edu.wroclaw.pl\/index.php\/wp-json\/wp\/v2\/comments?post=595"}],"version-history":[{"count":5,"href":"https:\/\/przedszkole125.edu.wroclaw.pl\/index.php\/wp-json\/wp\/v2\/pages\/595\/revisions"}],"predecessor-version":[{"id":1631,"href":"https:\/\/przedszkole125.edu.wroclaw.pl\/index.php\/wp-json\/wp\/v2\/pages\/595\/revisions\/1631"}],"wp:attachment":[{"href":"https:\/\/przedszkole125.edu.wroclaw.pl\/index.php\/wp-json\/wp\/v2\/media?parent=595"}],"curies":[{"name":"wp","href":"https:\/\/api.w.org\/{rel}","templated":true}]}}