


{"id":57,"date":"2023-06-21T07:33:37","date_gmt":"2023-06-21T05:33:37","guid":{"rendered":"https:\/\/przedszkole125.edu.wroclaw.pl\/?page_id=57"},"modified":"2024-07-08T12:12:27","modified_gmt":"2024-07-08T10:12:27","slug":"miedzynarodowy-dzien-praw-dziecka-z-unicef-2022-dlakazdegodziecka","status":"publish","type":"page","link":"https:\/\/przedszkole125.edu.wroclaw.pl\/index.php\/klub-szkol-unicef\/miedzynarodowy-dzien-praw-dziecka-z-unicef-2022-dlakazdegodziecka\/","title":{"rendered":"Mi\u0119dzynarodowy Dzie\u0144 Praw Dziecka Z UNICEF 2022 #dlaka\u017cdegodziecka"},"content":{"rendered":"<div class=\"wpb-content-wrapper\"><p>[vc_row][vc_column][vc_column_text]<span style=\"font-size: 14pt;\"><a href=\"https:\/\/przedszkole125.edu.wroclaw.pl\/wp-content\/uploads\/sites\/78\/2023\/06\/DYPLOM-za-zorganizowanie-obchodow-Miedzynarodowego-Dnia-Praw-Dziecka-z-UNICEF-w-roku-szkolnym-20222023-pdf-1.42MB.pdf\">DYPLOM za zorganizowanie obchod\u00f3w Mi\u0119dzynarodowego Dnia Praw Dziecka z UNICEF w roku szkolnym 20222023 [pdf 1.42MB]<\/a><\/span>[\/vc_column_text][\/vc_column][\/vc_row][vc_row][vc_column][vc_column_text css=&#8221;&#8221;]<\/p>\n<h2><span style=\"font-size: 14pt;\"><strong>Mi\u0119dzynarodowy Dzie\u0144 Praw Dziecka Z UNICEF 2022 #dlaka\u017cdegodziecka<\/strong><\/span><\/h2>\n<p data-fontsize=\"16\"><span style=\"font-size: 14pt;\">Przedszkole Integracyjne Nr 125 im. Janusza Korczaka we Wroc\u0142awiu kolejny raz uczestniczy\u0142o w obchodach Mi\u0119dzynarodowego Dnia Praw Dziecka z UNICEF. W obliczu wojny za naszymi granicami by\u0142o to dla nas szczeg\u00f3lnie wa\u017cne wydarzenie, tym bardziej , \u017ce do naszego przedszkola ucz\u0119szczaj\u0105 dzieci z Ukrainy. Chcieli\u015bmy ten dzie\u0144 w szczeg\u00f3lny spos\u00f3b uczci\u0107. W zwi\u0105zku z tym podj\u0119to nast\u0119puj\u0105ce dzia\u0142ania:<\/span><\/p>\n<ol>\n<li data-fontsize=\"16\"><span style=\"font-size: 14pt;\">Poproszono rodzic\u00f3w, dzieci i personel przedszkola, aby w poniedzia\u0142ek 21 listopada 2022r. ubra\u0107 si\u0119 na niebiesko, by w ten spos\u00f3b mentalnie po\u0142\u0105czy\u0107 si\u0119 z dzie\u0107mi i doros\u0142ymi z ca\u0142ego \u015bwiata, kt\u00f3rzy obchodz\u0105 to \u015bwi\u0119to. \u201d Im wi\u0119cej niebieskiego , tym lepiej!\u201d to has\u0142o nawo\u0142uj\u0105ce do poniedzia\u0142kowej kolorystyki. Odzew by\u0142 niesamowity! Wszystkie dzieci stawi\u0142y si\u0119 do przedszkola na niebiesko a i doro\u015bli nie zwiedli.<\/span><\/li>\n<li data-fontsize=\"16\"><span style=\"font-size: 14pt;\">Sale przedszkolne przystrojone w niebieskie kolory. W dekorowaniu uczestniczy\u0142y nie tylko nauczyciele, ale przede wszystkim dzieci, kt\u00f3re podsuwa\u0142y wspania\u0142e pomys\u0142y co zrobi\u0107, aby by\u0142o pi\u0119knie! Dominowa\u0142y balony, papierowe kwiaty oraz prace plastyczne przygotowane wcze\u015bniej przez dzieci.<\/span><\/li>\n<li data-fontsize=\"16\"><span style=\"font-size: 14pt;\">Nauczycielki wsp\u00f3lnie z dzie\u0107mi przygotowa\u0142y tablice tematyczne zwi\u0105zane z prawami dziecka.<\/span><\/li>\n<li data-fontsize=\"16\"><span style=\"font-size: 14pt;\">Nauczycielki w tygodniu poprzedzaj\u0105cym wydarzenie przeprowadzi\u0142y zaj\u0119cia o prawach dziecka w oparciu o scenariusze i pomoce dydaktyczne dostarczone przez koordynatora. Dzieci bardzo by\u0142y zainteresowane, ch\u0119tnie uczestniczy\u0142y w zaj\u0119ciach, dyskutowa\u0142y i wbrew pozorom mia\u0142y du\u017c\u0105 wiedz\u0119 na ten temat.<\/span><\/li>\n<li data-fontsize=\"16\"><span style=\"font-size: 14pt;\">Dzieci wykona\u0142y karty pracy i kolorowanki zwi\u0105zane z prawami dziecka.<\/span><\/li>\n<li data-fontsize=\"16\"><span style=\"font-size: 14pt;\">Dzieci, kt\u00f3re chcia\u0142y mog\u0142y mie\u0107 pomalowane buzie oczywi\u015bcie na niebiesko.<\/span><\/li>\n<li data-fontsize=\"16\"><span style=\"font-size: 14pt;\">Ka\u017cde dziecko wychodz\u0105c z przedszkola otrzyma\u0142o niebieski balonik.<\/span><\/li>\n<\/ol>\n<p data-fontsize=\"16\"><span style=\"font-size: 14pt;\">Szczeg\u00f3ln\u0105 trosk\u0105 zosta\u0142y obj\u0119te dzieci z Ukrainy dla kt\u00f3rych jest to trudny czas. W naszym przedszkolu dzieci wiedz\u0105 co to jest wojna i rozumiej\u0105, \u017ce bezpiecze\u0144stwo dzieci jest wa\u017cn\u0105 spraw\u0105.<\/span><\/p>\n<p data-fontsize=\"16\"><span style=\"font-size: 14pt;\">Patronem naszego przedszkola jest Janusz Korczak \u2013 przyjaciel dzieci. W my\u015bl jego maksymy \u201e Niech si\u0119 dzieci \u015bmiej\u0105 niech b\u0119d\u0105 weso\u0142e!\u201d w tym dniu przedszkolaki \u015bpiewa\u0142y, ta\u0144czy\u0142y i rado\u015bnie si\u0119 bawi\u0142y. To by\u0142 udany dzie\u0144.<\/span><\/p>\n<p>[\/vc_column_text][\/vc_column][\/vc_row][vc_row][vc_column][vc_gallery type=&#8221;image_grid&#8221; images=&#8221;70,72,64,65,66,67,68,69,71&#8243;][\/vc_column][\/vc_row]<\/p>\n<\/div>","protected":false},"excerpt":{"rendered":"<p>[vc_row][vc_column][vc_column_text]DYPLOM za zorganizowanie obchod\u00f3w Mi\u0119dzynarodowego Dnia Praw Dziecka z UNICEF w roku szkolnym 20222023 [pdf 1.42MB][\/vc_column_text][\/vc_column][\/vc_row][vc_row][vc_column][vc_column_text css=&#8221;&#8221;] Mi\u0119dzynarodowy Dzie\u0144 Praw Dziecka Z UNICEF 2022 #dlaka\u017cdegodziecka Przedszkole Integracyjne Nr 125 im. [&hellip;]<\/p>\n","protected":false},"author":72,"featured_media":0,"parent":25,"menu_order":0,"comment_status":"closed","ping_status":"closed","template":"","meta":{"footnotes":""},"class_list":["post-57","page","type-page","status-publish","hentry","clearfix"],"_links":{"self":[{"href":"https:\/\/przedszkole125.edu.wroclaw.pl\/index.php\/wp-json\/wp\/v2\/pages\/57","targetHints":{"allow":["GET"]}}],"collection":[{"href":"https:\/\/przedszkole125.edu.wroclaw.pl\/index.php\/wp-json\/wp\/v2\/pages"}],"about":[{"href":"https:\/\/przedszkole125.edu.wroclaw.pl\/index.php\/wp-json\/wp\/v2\/types\/page"}],"author":[{"embeddable":true,"href":"https:\/\/przedszkole125.edu.wroclaw.pl\/index.php\/wp-json\/wp\/v2\/users\/72"}],"replies":[{"embeddable":true,"href":"https:\/\/przedszkole125.edu.wroclaw.pl\/index.php\/wp-json\/wp\/v2\/comments?post=57"}],"version-history":[{"count":7,"href":"https:\/\/przedszkole125.edu.wroclaw.pl\/index.php\/wp-json\/wp\/v2\/pages\/57\/revisions"}],"predecessor-version":[{"id":1138,"href":"https:\/\/przedszkole125.edu.wroclaw.pl\/index.php\/wp-json\/wp\/v2\/pages\/57\/revisions\/1138"}],"up":[{"embeddable":true,"href":"https:\/\/przedszkole125.edu.wroclaw.pl\/index.php\/wp-json\/wp\/v2\/pages\/25"}],"wp:attachment":[{"href":"https:\/\/przedszkole125.edu.wroclaw.pl\/index.php\/wp-json\/wp\/v2\/media?parent=57"}],"curies":[{"name":"wp","href":"https:\/\/api.w.org\/{rel}","templated":true}]}}