


{"id":419,"date":"2023-07-20T13:55:26","date_gmt":"2023-07-20T11:55:26","guid":{"rendered":"https:\/\/przedszkole125.edu.wroclaw.pl\/?page_id=419"},"modified":"2026-02-17T12:49:14","modified_gmt":"2026-02-17T11:49:14","slug":"rodo","status":"publish","type":"page","link":"https:\/\/przedszkole125.edu.wroclaw.pl\/index.php\/kontakt\/rodo\/","title":{"rendered":"RODO"},"content":{"rendered":"<div class=\"wpb-content-wrapper\"><p>[vc_row full_width=&#8221;stretch_row&#8221; css=&#8221;.vc_custom_1689854816186{background-color: #e5e5e5 !important;}&#8221;][vc_column][vc_column_text css=&#8221;&#8221;]<\/p>\n<h2><strong><span style=\"font-size: 14pt\">Kontakt do inspektora ochrony danych<\/span><\/strong><\/h2>\n<p><span style=\"font-size: 14pt\">IOD: dr in\u017c. Marek Adamaszek<\/span><\/p>\n<p><span style=\"font-size: 14pt\">emial:<a href=\"mailto:madamaszek@zontekiwspolnicy.pl\">madamaszek@zontekiwspolnicy.pl<\/a><\/span><\/p>\n<p><span style=\"font-size: 14pt\">tel.: +48 608 284 903<\/span>[\/vc_column_text][\/vc_column][\/vc_row][vc_row][vc_column][vc_column_text css=&#8221;&#8221;]<span style=\"font-size: 12pt;font-family: verdana, geneva, sans-serif\"><strong>Pliki do pobrania:<\/strong><\/span><\/p>\n<p><span style=\"font-family: arial, helvetica, sans-serif;font-size: 12pt\"><a href=\"https:\/\/przedszkole125.edu.wroclaw.pl\/wp-content\/uploads\/sites\/78\/2026\/02\/formularz-RPS.doc\">formularz RPS<\/a><\/span><\/p>\n<p><span style=\"font-size: 12pt;font-family: arial, helvetica, sans-serif\"><a href=\"https:\/\/przedszkole125.edu.wroclaw.pl\/wp-content\/uploads\/sites\/78\/2026\/02\/KLAUZULA-INFORMACYJNA-DLA-KONTRAHENTA.docx\">KLAUZULA INFORMACYJNA DLA KONTRAHENTA<\/a> <\/span><\/p>\n<p><span style=\"font-family: arial, helvetica, sans-serif;font-size: 12pt\"><a href=\"https:\/\/przedszkole125.edu.wroclaw.pl\/wp-content\/uploads\/sites\/78\/2026\/02\/Klauzula-informacyjna-dla-nauczyciela.docx\">KLAUZULA INFORMACYJNA DLA NAUCZYCIELA<\/a><\/span><\/p>\n<p><span style=\"font-family: arial, helvetica, sans-serif;font-size: 12pt\"><a href=\"https:\/\/przedszkole125.edu.wroclaw.pl\/wp-content\/uploads\/sites\/78\/2026\/02\/Klauzula-informacyjna-dla-pracownika-samorzadowego.docx\">KLAUZULA INFORMACYJNA DLA PRACOWNIKA SAMORZ\u0104DOWEGO<\/a><\/span><\/p>\n<p><span style=\"font-family: arial, helvetica, sans-serif;font-size: 12pt\"><a href=\"https:\/\/przedszkole125.edu.wroclaw.pl\/wp-content\/uploads\/sites\/78\/2026\/02\/Klauzula-informacyjna-dla-uczestnikow-Pracowniczych-Planow-Kapitalowych.docx\">KLAUZULA INFORMACYJNA DLA UCZESTNIK\u00d3W PRACOWNICZYCH PLAN\u00d3W KAPITA\u0141OWYCH<\/a><\/span><\/p>\n<p><span style=\"font-family: arial, helvetica, sans-serif;font-size: 12pt\"><a href=\"https:\/\/przedszkole125.edu.wroclaw.pl\/wp-content\/uploads\/sites\/78\/2026\/02\/Klauzula-informacyjna-proces-rekrutacji-prac.docx\">KLAUZULA INFORMACYJNA- PROCES REKRUTACJI<\/a><\/span><\/p>\n<p><span style=\"font-family: arial, helvetica, sans-serif;font-size: 12pt\"><a href=\"https:\/\/przedszkole125.edu.wroclaw.pl\/wp-content\/uploads\/sites\/78\/2026\/02\/Klauzula-informacyjna-dla-darczyncy.docx\">KLAUZULA INFORMACYJNA- DARCZY\u0143CY<\/a><\/span><\/p>\n<p><span style=\"font-family: arial, helvetica, sans-serif;font-size: 12pt\"><a href=\"https:\/\/przedszkole125.edu.wroclaw.pl\/wp-content\/uploads\/sites\/78\/2026\/02\/Klauzula-informacyjna-dla-dzieci-przedszkole.docx\">KLAUZULA INFORMACYJNA DLA PRZEDSZKOLA<\/a><\/span><\/p>\n<p><span style=\"font-family: arial, helvetica, sans-serif;font-size: 12pt\"><a href=\"https:\/\/przedszkole125.edu.wroclaw.pl\/wp-content\/uploads\/sites\/78\/2026\/02\/Klauzula-informacyjna-dla-ucznio-i-rodz-proces-rekrutacji.docx\">KLAUZULA INFORMACYJNA DLA UCZNI\u00d3W I RODZIC\u00d3W- PROCES REKRUTACJI<\/a><\/span><\/p>\n<p><span style=\"font-family: arial, helvetica, sans-serif;font-size: 12pt\"><a href=\"https:\/\/przedszkole125.edu.wroclaw.pl\/wp-content\/uploads\/sites\/78\/2026\/02\/Klauzula-informacyjna-dla-wolontariat.docx\">KLAUZULA INFORMACYJNA- WOLONTARIAT<\/a><\/span><\/p>\n<p><span style=\"font-family: arial, helvetica, sans-serif;font-size: 12pt\"><a href=\"https:\/\/przedszkole125.edu.wroclaw.pl\/wp-content\/uploads\/sites\/78\/2026\/02\/Klauzula-informacyjna-do-korespondencji.docx\">KLAUZULA INFORMACYJNA- KORESPONDENCJA<\/a><\/span><\/p>\n<p><span style=\"font-family: arial, helvetica, sans-serif;font-size: 12pt\"><a href=\"https:\/\/przedszkole125.edu.wroclaw.pl\/wp-content\/uploads\/sites\/78\/2026\/02\/klazuzula-ZFSS.docx\">KLAUZULA ZF\u015a\u015a<\/a><\/span><\/p>\n<p><span style=\"font-family: arial, helvetica, sans-serif;font-size: 12pt\"><a href=\"https:\/\/przedszkole125.edu.wroclaw.pl\/wp-content\/uploads\/sites\/78\/2026\/02\/rejestr-wejsc-wyjsc-.docx\">REJESTR WEJ\u015a\u0106 WYJ\u015a\u0106<\/a><\/span><\/p>\n<p><span style=\"font-family: arial, helvetica, sans-serif;font-size: 12pt\"><a href=\"https:\/\/przedszkole125.edu.wroclaw.pl\/wp-content\/uploads\/sites\/78\/2026\/02\/upowaznienie-do-odbioru-dziecka.doc\">UPOWA\u017bNIENIE DO ODBIORU DZIECKA<\/a><\/span><\/p>\n<p><span style=\"font-family: arial, helvetica, sans-serif;font-size: 12pt\"><a href=\"https:\/\/przedszkole125.edu.wroclaw.pl\/wp-content\/uploads\/sites\/78\/2026\/02\/Zgoda-pracownika-na-uzycie-prywatnego-email-telefonu.docx\">ZGODA PRACOWNIKA<\/a><\/span><\/p>\n<p><a href=\"https:\/\/przedszkole125.edu.wroclaw.pl\/wp-content\/uploads\/sites\/78\/2026\/02\/Zgoda-pracownika-na-wizerunek.docx\"><span style=\"font-family: arial, helvetica, sans-serif;font-size: 12pt\">ZGODA PRACOWNIKA NA WIZERUNEK<\/span><\/a>[\/vc_column_text][\/vc_column][\/vc_row]<\/p>\n<\/div>","protected":false},"excerpt":{"rendered":"<p>[vc_row full_width=&#8221;stretch_row&#8221; css=&#8221;.vc_custom_1689854816186{background-color: #e5e5e5 !important;}&#8221;][vc_column][vc_column_text css=&#8221;&#8221;] Kontakt do inspektora ochrony danych IOD: dr in\u017c. Marek Adamaszek emial:madamaszek@zontekiwspolnicy.pl tel.: +48 608 284 903[\/vc_column_text][\/vc_column][\/vc_row][vc_row][vc_column][vc_column_text css=&#8221;&#8221;]Pliki do pobrania: formularz RPS KLAUZULA INFORMACYJNA DLA [&hellip;]<\/p>\n","protected":false},"author":72,"featured_media":0,"parent":28,"menu_order":0,"comment_status":"closed","ping_status":"closed","template":"","meta":{"footnotes":""},"class_list":["post-419","page","type-page","status-publish","hentry","clearfix"],"_links":{"self":[{"href":"https:\/\/przedszkole125.edu.wroclaw.pl\/index.php\/wp-json\/wp\/v2\/pages\/419","targetHints":{"allow":["GET"]}}],"collection":[{"href":"https:\/\/przedszkole125.edu.wroclaw.pl\/index.php\/wp-json\/wp\/v2\/pages"}],"about":[{"href":"https:\/\/przedszkole125.edu.wroclaw.pl\/index.php\/wp-json\/wp\/v2\/types\/page"}],"author":[{"embeddable":true,"href":"https:\/\/przedszkole125.edu.wroclaw.pl\/index.php\/wp-json\/wp\/v2\/users\/72"}],"replies":[{"embeddable":true,"href":"https:\/\/przedszkole125.edu.wroclaw.pl\/index.php\/wp-json\/wp\/v2\/comments?post=419"}],"version-history":[{"count":15,"href":"https:\/\/przedszkole125.edu.wroclaw.pl\/index.php\/wp-json\/wp\/v2\/pages\/419\/revisions"}],"predecessor-version":[{"id":1742,"href":"https:\/\/przedszkole125.edu.wroclaw.pl\/index.php\/wp-json\/wp\/v2\/pages\/419\/revisions\/1742"}],"up":[{"embeddable":true,"href":"https:\/\/przedszkole125.edu.wroclaw.pl\/index.php\/wp-json\/wp\/v2\/pages\/28"}],"wp:attachment":[{"href":"https:\/\/przedszkole125.edu.wroclaw.pl\/index.php\/wp-json\/wp\/v2\/media?parent=419"}],"curies":[{"name":"wp","href":"https:\/\/api.w.org\/{rel}","templated":true}]}}