


{"id":407,"date":"2023-07-19T11:38:31","date_gmt":"2023-07-19T09:38:31","guid":{"rendered":"https:\/\/przedszkole125.edu.wroclaw.pl\/?page_id=407"},"modified":"2024-06-07T14:26:13","modified_gmt":"2024-06-07T12:26:13","slug":"strona-glowna","status":"publish","type":"page","link":"https:\/\/przedszkole125.edu.wroclaw.pl\/","title":{"rendered":"Strona g\u0142\u00f3wna"},"content":{"rendered":"<div class=\"wpb-content-wrapper\"><p>[vc_row][vc_column][vc_single_image image=&#8221;41&#8243; img_size=&#8221;600&#215;250&#8243; alignment=&#8221;center&#8221;][\/vc_column][\/vc_row][vc_row full_width=&#8221;stretch_row&#8221; css_animation=&#8221;slideInLeft&#8221; css=&#8221;.vc_custom_1690355085521{background-color: #f7f5e7 !important;}&#8221;][vc_column][vc_column_text css_animation=&#8221;none&#8221;]<\/p>\n<h2 style=\"text-align: center;\"><span style=\"font-size: 24pt;\">O przedszkolu<br \/>\n<\/span><\/h2>\n<p>[\/vc_column_text][vc_separator color=&#8221;mulled_wine&#8221; border_width=&#8221;2&#8243; el_width=&#8221;30&#8243; css_animation=&#8221;none&#8221; css=&#8221;.vc_custom_1690354905798{margin-top: -40px !important;}&#8221;][vc_column_text]<\/p>\n<p class=\"Standard\"><span style=\"font-size: 14pt;\">Przedszkole Integracyjne nr 125 przy ul. \u015acinawskiej 10 we Wroc\u0142awiu zlokalizowane jest w\u015br\u00f3d starej powojennej zabudowy w dzielnicy Szczepin. W lutym 2021r obchodzili\u015bmy zaszczytny jubileusz 40-lecia naszego istnienia. Przedszkole mie\u015bci si\u0119 w pi\u0119trowym budynku otoczonym pi\u0119knym ogrodem i nowoczesnym placem zabaw umo\u017cliwiaj\u0105cym dzieciom aktywny pobyt na \u015bwie\u017cym powietrzu.<\/span><\/p>\n<p>[\/vc_column_text][\/vc_column][\/vc_row][vc_row full_width=&#8221;stretch_row&#8221; css_animation=&#8221;slideInRight&#8221;][vc_column][vc_column_text css_animation=&#8221;none&#8221;]<\/p>\n<h2 style=\"text-align: center;\"><span style=\"font-size: 24pt;\">Zaplecze<br \/>\n<\/span><\/h2>\n<p>[\/vc_column_text][vc_separator color=&#8221;mulled_wine&#8221; border_width=&#8221;2&#8243; el_width=&#8221;30&#8243; css_animation=&#8221;none&#8221; css=&#8221;.vc_custom_1690354905798{margin-top: -40px !important;}&#8221;][vc_column_text]<strong><span style=\"font-size: 14pt;\">Przedszkole posiada:<\/span><\/strong><\/p>\n<ul>\n<li><span style=\"font-size: 14pt;\">Sze\u015b\u0107 sal dydaktycznych wyposa\u017conych w atestowane, nowoczesne meble dostosowane\u00a0 do wzrostu dzieci i do w\u0142a\u015bciwego u\u0142o\u017cenia na nich pomocy.<\/span><\/li>\n<li><span style=\"font-size: 14pt;\">Sal\u0119 gimnastyczno \u2013 rytmiczn\u0105 s\u0142u\u017c\u0105c\u0105 do organizacji zaj\u0119\u0107 i zabaw ruchowych, muzycznych, teatralnych, uroczysto\u015bci oraz koncert\u00f3w.<\/span><\/li>\n<li><span style=\"font-size: 14pt;\">Gabinet terapii logopedycznej.<\/span><\/li>\n<li><span style=\"font-size: 14pt;\">Gabinet psychologa.<\/span><\/li>\n<li><span style=\"font-size: 14pt;\">Trzy gabinety do terapii indywidualnej.<\/span><\/li>\n<li><span style=\"font-size: 14pt;\">Sal\u0119 Do\u015bwiadczania \u015awiata.<\/span><\/li>\n<li><span style=\"font-size: 14pt;\">Gabinet do arteterapii.<\/span><\/li>\n<li><span style=\"font-size: 14pt;\">Bibliotek\u0119 przedszkoln\u0105 dost\u0119pn\u0105 r\u00f3wnie\u017c dla rodzic\u00f3w naszych wychowank\u00f3w.<\/span><\/li>\n<li><span style=\"font-size: 14pt;\">Wind\u0119 i podjazd dla dzieci ze specjalnymi potrzebami.<\/span><\/li>\n<li><span style=\"font-size: 14pt;\">Zaplecze kuchenne, sanitarne i administracyjne.<\/span><\/li>\n<\/ul>\n<p><span style=\"font-size: 14pt;\">Wszystkie sale przedszkolne posiadaj\u0105 zestawy pomocy dydaktycznych: gier, planszy, zabawek, klock\u00f3w i innych. W salach zorganizowane s\u0105 k\u0105ciki tematyczne i sta\u0142e np. k\u0105cik do obserwacji przyrodniczych, k\u0105cik czytelniczy. Nasze przedszkole systematycznie wzbogaca swoj\u0105 baz\u0119 lokalow\u0105. Doposa\u017camy\u00a0 gabinety terapeutyczne w specjalistyczny sprz\u0119t.<\/span><\/p>\n<p class=\"Standard\"><span style=\"font-size: 14pt;\">\u00a0<\/span><\/p>\n<p>[\/vc_column_text][\/vc_column][\/vc_row][vc_row full_width=&#8221;stretch_row&#8221; css_animation=&#8221;none&#8221; css=&#8221;.vc_custom_1690278937098{background-color: #f7f5e7 !important;}&#8221;][vc_column][vc_column_text css_animation=&#8221;flipInX&#8221;]<\/p>\n<h2 style=\"text-align: center;\"><span style=\"font-size: 24pt;\">Co nowego w przedszkolu<\/span><\/h2>\n<p>[\/vc_column_text][vc_separator color=&#8221;mulled_wine&#8221; border_width=&#8221;2&#8243; el_width=&#8221;30&#8243; css_animation=&#8221;flipInY&#8221; css=&#8221;.vc_custom_1690279999807{margin-top: -40px !important;}&#8221;][vc_basic_grid post_type=&#8221;post&#8221; max_items=&#8221;4&#8243; element_width=&#8221;3&#8243; item=&#8221;542&#8243; grid_id=&#8221;vc_gid:1694001598826-eacdfcaa-91a7-6&#8243; taxonomies=&#8221;4&#8243;][vc_btn title=&#8221;Zobacz wszystkie artyku\u0142y&#8221; style=&#8221;classic&#8221; color=&#8221;inverse&#8221; align=&#8221;center&#8221; link=&#8221;url:https%3A%2F%2Fprzedszkole125.edu.wroclaw.pl%2Findex.php%2Fo-nas%2Faktualnosci%2F|title:Aktualno%C5%9Bci&#8221;][\/vc_column][\/vc_row]<\/p>\n<\/div>","protected":false},"excerpt":{"rendered":"<p>[vc_row][vc_column][vc_single_image image=&#8221;41&#8243; img_size=&#8221;600&#215;250&#8243; alignment=&#8221;center&#8221;][\/vc_column][\/vc_row][vc_row full_width=&#8221;stretch_row&#8221; css_animation=&#8221;slideInLeft&#8221; css=&#8221;.vc_custom_1690355085521{background-color: #f7f5e7 !important;}&#8221;][vc_column][vc_column_text css_animation=&#8221;none&#8221;] O przedszkolu [\/vc_column_text][vc_separator color=&#8221;mulled_wine&#8221; border_width=&#8221;2&#8243; el_width=&#8221;30&#8243; css_animation=&#8221;none&#8221; css=&#8221;.vc_custom_1690354905798{margin-top: -40px !important;}&#8221;][vc_column_text] Przedszkole Integracyjne nr 125 przy ul. \u015acinawskiej 10 we Wroc\u0142awiu [&hellip;]<\/p>\n","protected":false},"author":72,"featured_media":0,"parent":0,"menu_order":0,"comment_status":"closed","ping_status":"closed","template":"","meta":{"footnotes":""},"class_list":["post-407","page","type-page","status-publish","hentry","clearfix"],"_links":{"self":[{"href":"https:\/\/przedszkole125.edu.wroclaw.pl\/index.php\/wp-json\/wp\/v2\/pages\/407","targetHints":{"allow":["GET"]}}],"collection":[{"href":"https:\/\/przedszkole125.edu.wroclaw.pl\/index.php\/wp-json\/wp\/v2\/pages"}],"about":[{"href":"https:\/\/przedszkole125.edu.wroclaw.pl\/index.php\/wp-json\/wp\/v2\/types\/page"}],"author":[{"embeddable":true,"href":"https:\/\/przedszkole125.edu.wroclaw.pl\/index.php\/wp-json\/wp\/v2\/users\/72"}],"replies":[{"embeddable":true,"href":"https:\/\/przedszkole125.edu.wroclaw.pl\/index.php\/wp-json\/wp\/v2\/comments?post=407"}],"version-history":[{"count":45,"href":"https:\/\/przedszkole125.edu.wroclaw.pl\/index.php\/wp-json\/wp\/v2\/pages\/407\/revisions"}],"predecessor-version":[{"id":1076,"href":"https:\/\/przedszkole125.edu.wroclaw.pl\/index.php\/wp-json\/wp\/v2\/pages\/407\/revisions\/1076"}],"wp:attachment":[{"href":"https:\/\/przedszkole125.edu.wroclaw.pl\/index.php\/wp-json\/wp\/v2\/media?parent=407"}],"curies":[{"name":"wp","href":"https:\/\/api.w.org\/{rel}","templated":true}]}}