


{"id":383,"date":"2023-07-13T12:52:44","date_gmt":"2023-07-13T10:52:44","guid":{"rendered":"https:\/\/przedszkole125.edu.wroclaw.pl\/?page_id=383"},"modified":"2024-07-08T14:58:14","modified_gmt":"2024-07-08T12:58:14","slug":"tradycje","status":"publish","type":"page","link":"https:\/\/przedszkole125.edu.wroclaw.pl\/index.php\/o-nas\/o-przedszkolu\/tradycje\/","title":{"rendered":"Tradycje"},"content":{"rendered":"<div class=\"wpb-content-wrapper\"><p>[vc_row][vc_column][vc_column_text css=&#8221;&#8221;]<\/p>\n<h2>Wydarzenia:<\/h2>\n<ul>\n<li><span style=\"font-size: 14pt;\">Pasowanie na przedszkolaka<\/span><\/li>\n<li><span style=\"font-size: 14pt;\">Koncert Jesienny<\/span><\/li>\n<li><span style=\"font-size: 14pt;\">Spotkania z Miko\u0142ajem<\/span><\/li>\n<li><span style=\"font-size: 14pt;\">Uroczysta Wigilia Przedszkolak\u00f3w<\/span><\/li>\n<li><span style=\"font-size: 14pt;\">Bal karnawa\u0142owy<\/span><\/li>\n<li><span style=\"font-size: 14pt;\">Dzie\u0144 Babci i Dziadka<\/span><\/li>\n<li><span style=\"font-size: 14pt;\">Pierwszy Dzie\u0144 Wiosny<\/span><\/li>\n<li><span style=\"font-size: 14pt;\">Kiermasze, wystawy \u015bwi\u0105teczne<\/span><\/li>\n<li><span style=\"font-size: 14pt;\">Dzie\u0144 Mamy i Taty<\/span><\/li>\n<li><span style=\"font-size: 14pt;\">Dzie\u0144 Dziecka<\/span><\/li>\n<li><span style=\"font-size: 14pt;\">Wycieczki za miasto (jesieni\u0105 i wiosn\u0105), dodatkowo wycieczki zwi\u0105zane z rocznymi planami dydaktyczno \u2013 wychowawczymi<\/span><\/li>\n<li><span style=\"font-size: 14pt;\">Kronika Przedszkola prowadzona od pierwszych dni jego istnienia<\/span><\/li>\n<li><span style=\"font-size: 14pt;\">Wsp\u00f3\u0142praca z wieloma instytucjami, w tym z Instytutem Kszta\u0142c\u0105cym nauczycieli we Francji<\/span><\/li>\n<li><span style=\"font-size: 14pt;\">Liczny udzia\u0142 dzieci w konkursach i przegl\u0105dach organizowanych na terenie Wroc\u0142awia<\/span><\/li>\n<\/ul>\n<p>[\/vc_column_text][\/vc_column][\/vc_row]<\/p>\n<\/div>","protected":false},"excerpt":{"rendered":"<p>[vc_row][vc_column][vc_column_text css=&#8221;&#8221;] Wydarzenia: Pasowanie na przedszkolaka Koncert Jesienny Spotkania z Miko\u0142ajem Uroczysta Wigilia Przedszkolak\u00f3w Bal karnawa\u0142owy Dzie\u0144 Babci i Dziadka Pierwszy Dzie\u0144 Wiosny Kiermasze, wystawy \u015bwi\u0105teczne Dzie\u0144 Mamy i Taty [&hellip;]<\/p>\n","protected":false},"author":72,"featured_media":0,"parent":297,"menu_order":0,"comment_status":"closed","ping_status":"closed","template":"","meta":{"footnotes":""},"class_list":["post-383","page","type-page","status-publish","hentry","clearfix"],"_links":{"self":[{"href":"https:\/\/przedszkole125.edu.wroclaw.pl\/index.php\/wp-json\/wp\/v2\/pages\/383","targetHints":{"allow":["GET"]}}],"collection":[{"href":"https:\/\/przedszkole125.edu.wroclaw.pl\/index.php\/wp-json\/wp\/v2\/pages"}],"about":[{"href":"https:\/\/przedszkole125.edu.wroclaw.pl\/index.php\/wp-json\/wp\/v2\/types\/page"}],"author":[{"embeddable":true,"href":"https:\/\/przedszkole125.edu.wroclaw.pl\/index.php\/wp-json\/wp\/v2\/users\/72"}],"replies":[{"embeddable":true,"href":"https:\/\/przedszkole125.edu.wroclaw.pl\/index.php\/wp-json\/wp\/v2\/comments?post=383"}],"version-history":[{"count":4,"href":"https:\/\/przedszkole125.edu.wroclaw.pl\/index.php\/wp-json\/wp\/v2\/pages\/383\/revisions"}],"predecessor-version":[{"id":1158,"href":"https:\/\/przedszkole125.edu.wroclaw.pl\/index.php\/wp-json\/wp\/v2\/pages\/383\/revisions\/1158"}],"up":[{"embeddable":true,"href":"https:\/\/przedszkole125.edu.wroclaw.pl\/index.php\/wp-json\/wp\/v2\/pages\/297"}],"wp:attachment":[{"href":"https:\/\/przedszkole125.edu.wroclaw.pl\/index.php\/wp-json\/wp\/v2\/media?parent=383"}],"curies":[{"name":"wp","href":"https:\/\/api.w.org\/{rel}","templated":true}]}}