


{"id":342,"date":"2023-07-13T11:10:29","date_gmt":"2023-07-13T09:10:29","guid":{"rendered":"https:\/\/przedszkole125.edu.wroclaw.pl\/?page_id=342"},"modified":"2024-07-08T15:01:06","modified_gmt":"2024-07-08T13:01:06","slug":"wspolpraca","status":"publish","type":"page","link":"https:\/\/przedszkole125.edu.wroclaw.pl\/index.php\/o-nas\/o-przedszkolu\/wspolpraca\/","title":{"rendered":"Wsp\u00f3\u0142praca"},"content":{"rendered":"<div class=\"wpb-content-wrapper\"><p>[vc_row][vc_column][vc_column_text css=&#8221;&#8221;]<\/p>\n<h2><strong><span style=\"font-size: 14pt;\">W ramach prowadzonej dzia\u0142alno\u015bci wsp\u00f3\u0142pracujemy z:<\/span><\/strong><\/h2>\n<p><span style=\"font-size: 14pt;\">1. Policj\u0105<\/span><\/p>\n<p><span style=\"font-size: 14pt;\">2. Stra\u017c\u0105 Po\u017carn\u0105<\/span><\/p>\n<p><span style=\"font-size: 14pt;\">3. Stra\u017c\u0105 Miejsk\u0105<\/span><\/p>\n<p><span style=\"font-size: 14pt;\">4. Urz\u0119dem Miejskim Wroc\u0142awia<\/span><\/p>\n<p><span style=\"font-size: 14pt;\">5. Rad\u0105 Osiedla Szczepin<\/span><\/p>\n<p><span style=\"font-size: 14pt;\">6. Miejskim O\u015brodkiem Pomocy Spo\u0142ecznej we Wroc\u0142awiu<\/span><\/p>\n<p><span style=\"font-size: 14pt;\">7. Domem Pomocy Spo\u0142ecznej ul. M\u0105czna, Wroc\u0142aw<\/span><\/p>\n<p><span style=\"font-size: 14pt;\">8. Szko\u0142\u0105 Podstawow\u0105 Specjaln\u0105 nr 89<\/span><\/p>\n<p><span style=\"font-size: 14pt;\">9. Szko\u0142\u0105 Podstawow\u0105 nr 18<\/span><\/p>\n<p><span style=\"font-size: 14pt;\">10. Szko\u0142\u0105 Podstawow\u0105 nr 46<\/span><\/p>\n<p><span style=\"font-size: 14pt;\">11. Przedszkolem Integracyjnym nr 12<\/span><\/p>\n<p><span style=\"font-size: 14pt;\">12. Przedszkolem Integracyjnym nr 89<\/span><\/p>\n<p><span style=\"font-size: 14pt;\">13. Przedszkolem Integracyjnym nr 68<\/span><\/p>\n<p><span style=\"font-size: 14pt;\">14. Fundacj\u0105 &#8222;Promyk S\u0142o\u0144ca&#8221;<\/span>[\/vc_column_text][\/vc_column][\/vc_row]<\/p>\n<\/div>","protected":false},"excerpt":{"rendered":"<p>[vc_row][vc_column][vc_column_text css=&#8221;&#8221;] W ramach prowadzonej dzia\u0142alno\u015bci wsp\u00f3\u0142pracujemy z: 1. Policj\u0105 2. Stra\u017c\u0105 Po\u017carn\u0105 3. Stra\u017c\u0105 Miejsk\u0105 4. Urz\u0119dem Miejskim Wroc\u0142awia 5. Rad\u0105 Osiedla Szczepin 6. Miejskim O\u015brodkiem Pomocy Spo\u0142ecznej we [&hellip;]<\/p>\n","protected":false},"author":72,"featured_media":0,"parent":297,"menu_order":0,"comment_status":"closed","ping_status":"closed","template":"","meta":{"footnotes":""},"class_list":["post-342","page","type-page","status-publish","hentry","clearfix"],"_links":{"self":[{"href":"https:\/\/przedszkole125.edu.wroclaw.pl\/index.php\/wp-json\/wp\/v2\/pages\/342","targetHints":{"allow":["GET"]}}],"collection":[{"href":"https:\/\/przedszkole125.edu.wroclaw.pl\/index.php\/wp-json\/wp\/v2\/pages"}],"about":[{"href":"https:\/\/przedszkole125.edu.wroclaw.pl\/index.php\/wp-json\/wp\/v2\/types\/page"}],"author":[{"embeddable":true,"href":"https:\/\/przedszkole125.edu.wroclaw.pl\/index.php\/wp-json\/wp\/v2\/users\/72"}],"replies":[{"embeddable":true,"href":"https:\/\/przedszkole125.edu.wroclaw.pl\/index.php\/wp-json\/wp\/v2\/comments?post=342"}],"version-history":[{"count":2,"href":"https:\/\/przedszkole125.edu.wroclaw.pl\/index.php\/wp-json\/wp\/v2\/pages\/342\/revisions"}],"predecessor-version":[{"id":1159,"href":"https:\/\/przedszkole125.edu.wroclaw.pl\/index.php\/wp-json\/wp\/v2\/pages\/342\/revisions\/1159"}],"up":[{"embeddable":true,"href":"https:\/\/przedszkole125.edu.wroclaw.pl\/index.php\/wp-json\/wp\/v2\/pages\/297"}],"wp:attachment":[{"href":"https:\/\/przedszkole125.edu.wroclaw.pl\/index.php\/wp-json\/wp\/v2\/media?parent=342"}],"curies":[{"name":"wp","href":"https:\/\/api.w.org\/{rel}","templated":true}]}}