


{"id":321,"date":"2023-07-11T15:06:41","date_gmt":"2023-07-11T13:06:41","guid":{"rendered":"https:\/\/przedszkole125.edu.wroclaw.pl\/?page_id=321"},"modified":"2024-07-08T14:48:26","modified_gmt":"2024-07-08T12:48:26","slug":"nasz-przedszkolak","status":"publish","type":"page","link":"https:\/\/przedszkole125.edu.wroclaw.pl\/index.php\/o-nas\/o-przedszkolu\/nasz-przedszkolak\/","title":{"rendered":"Nasz Przedszkolak"},"content":{"rendered":"<div class=\"wpb-content-wrapper\"><p>[vc_row][vc_column][vc_column_text css=&#8221;&#8221;]<\/p>\n<h2><strong><span style=\"font-size: 16pt;\">Model naszego przedszkolaka:<\/span><\/strong><\/h2>\n<ul>\n<li><span style=\"font-size: 14pt;\">potrafi funkcjonowa\u0107 w r\u00f3\u017cnych rolach spo\u0142ecznych;<\/span><\/li>\n<li><span style=\"font-size: 14pt;\">posiada umiej\u0119tno\u015bci samodzielnego rozwi\u0105zywania problem\u00f3w w oparciu o posiadana wiedze, umiej\u0119tno\u015bci i tw\u00f3rcze dzia\u0142anie;<\/span><\/li>\n<li><span style=\"font-size: 14pt;\">potrafi sprosta\u0107 trudom i wyzwaniom \u201eszkolnego\u201d a potem doros\u0142ego \u017cycia.<\/span><\/li>\n<\/ul>\n<p>[\/vc_column_text][vc_single_image image=&#8221;324&#8243; img_size=&#8221;605&#215;405&#8243; alignment=&#8221;center&#8221;][vc_column_text]<strong><span style=\"font-size: 14pt;\">Absolwent naszego przedszkola jest:<\/span><\/strong><\/p>\n<ul>\n<li><span style=\"font-size: 14pt;\"><strong>OTWARTY <\/strong>\u2013 \u0142atwo nawi\u0105zuje i utrzymuje kontakty z r\u00f3wie\u015bnikami i osobami doros\u0142ymi, ch\u0119tnie i bez obaw uczestniczy w nowych zadaniach i sytuacjach spo\u0142ecznych;<\/span><\/li>\n<li><span style=\"font-size: 14pt;\"><strong>ODPOWIEDZIALNY<\/strong> \u2013 stara si\u0119 przewidzie\u0107 skutki swoich dzia\u0142a\u0144, cieszy si\u0119 z sukces\u00f3w, akceptuje pora\u017cki, szuka rozwi\u0105za\u0144 alternatywnych;<\/span><\/li>\n<li><span style=\"font-size: 14pt;\"><strong>CIEKAWY \u015aWIATA<\/strong> \u2013 interesuje si\u0119 \u017cyciem ludzi w innych krajach, poznaj\u0105c \u015brodowiska , w kt\u00f3rych \u017cyj\u0105;<\/span><\/li>\n<li><span style=\"font-size: 14pt;\"><strong>ROZWA\u017bNY<\/strong> &#8211; potrafi zapewni\u0107 bezpiecze\u0144stwo sobie i innym, post\u0119puje zgodnie z zasadami higieny, wykazuje stosown\u0105 i racjonaln\u0105 aktywno\u015b\u0107 fizyczn\u0105, rozumie ograniczenia wynikaj\u0105ce z jego wieku i stanu zdrowia;<\/span><\/li>\n<li><span style=\"font-size: 14pt;\"><strong>UCZCIWY<\/strong> \u2013 rozr\u00f3\u017cni dobro i z\u0142e uczynki w oparciu o system warto\u015bci obowi\u0105zuj\u0105cy w jego otoczeniu;<\/span><\/li>\n<li><span style=\"font-size: 14pt;\"><strong>TOLERANCYJNY<\/strong> \u2013 rozumie, \u017ce r\u00f3\u017cnice miedzy lud\u017ami s\u0105 czym\u015b normalnym, w ka\u017cdym stara si\u0119 dostrzec co\u015b dobrego i zrozumie\u0107 go, wie, \u017ce istniej\u0105 r\u00f3\u017cne sposoby komunikowania si\u0119.<\/span><\/li>\n<\/ul>\n<p>[\/vc_column_text][\/vc_column][\/vc_row]<\/p>\n<\/div>","protected":false},"excerpt":{"rendered":"<p>[vc_row][vc_column][vc_column_text css=&#8221;&#8221;] Model naszego przedszkolaka: potrafi funkcjonowa\u0107 w r\u00f3\u017cnych rolach spo\u0142ecznych; posiada umiej\u0119tno\u015bci samodzielnego rozwi\u0105zywania problem\u00f3w w oparciu o posiadana wiedze, umiej\u0119tno\u015bci i tw\u00f3rcze dzia\u0142anie; potrafi sprosta\u0107 trudom i wyzwaniom [&hellip;]<\/p>\n","protected":false},"author":72,"featured_media":0,"parent":297,"menu_order":0,"comment_status":"closed","ping_status":"closed","template":"","meta":{"footnotes":""},"class_list":["post-321","page","type-page","status-publish","hentry","clearfix"],"_links":{"self":[{"href":"https:\/\/przedszkole125.edu.wroclaw.pl\/index.php\/wp-json\/wp\/v2\/pages\/321","targetHints":{"allow":["GET"]}}],"collection":[{"href":"https:\/\/przedszkole125.edu.wroclaw.pl\/index.php\/wp-json\/wp\/v2\/pages"}],"about":[{"href":"https:\/\/przedszkole125.edu.wroclaw.pl\/index.php\/wp-json\/wp\/v2\/types\/page"}],"author":[{"embeddable":true,"href":"https:\/\/przedszkole125.edu.wroclaw.pl\/index.php\/wp-json\/wp\/v2\/users\/72"}],"replies":[{"embeddable":true,"href":"https:\/\/przedszkole125.edu.wroclaw.pl\/index.php\/wp-json\/wp\/v2\/comments?post=321"}],"version-history":[{"count":7,"href":"https:\/\/przedszkole125.edu.wroclaw.pl\/index.php\/wp-json\/wp\/v2\/pages\/321\/revisions"}],"predecessor-version":[{"id":1151,"href":"https:\/\/przedszkole125.edu.wroclaw.pl\/index.php\/wp-json\/wp\/v2\/pages\/321\/revisions\/1151"}],"up":[{"embeddable":true,"href":"https:\/\/przedszkole125.edu.wroclaw.pl\/index.php\/wp-json\/wp\/v2\/pages\/297"}],"wp:attachment":[{"href":"https:\/\/przedszkole125.edu.wroclaw.pl\/index.php\/wp-json\/wp\/v2\/media?parent=321"}],"curies":[{"name":"wp","href":"https:\/\/api.w.org\/{rel}","templated":true}]}}