


{"id":310,"date":"2023-07-11T14:43:45","date_gmt":"2023-07-11T12:43:45","guid":{"rendered":"https:\/\/przedszkole125.edu.wroclaw.pl\/?page_id=310"},"modified":"2024-07-08T14:52:25","modified_gmt":"2024-07-08T12:52:25","slug":"nasze-przedszkole-wczoraj","status":"publish","type":"page","link":"https:\/\/przedszkole125.edu.wroclaw.pl\/index.php\/o-nas\/o-przedszkolu\/nasze-przedszkole-wczoraj\/","title":{"rendered":"Nasze Przedszkole wczoraj"},"content":{"rendered":"<div class=\"wpb-content-wrapper\"><p>[vc_row][vc_column][vc_gallery type=&#8221;image_grid&#8221; images=&#8221;311,312,313&#8243; img_size=&#8221;medium&#8221; onclick=&#8221;img_link_large&#8221;][\/vc_column][\/vc_row][vc_row][vc_column][vc_column_text css=&#8221;&#8221;]<\/p>\n<h2>Historia:<\/h2>\n<ul>\n<li><span style=\"font-size: 14pt;\"><strong>luty 1981 <\/strong>\u2013 otwarcie Przedszkola; ca\u0142a kadra techniczna i pedagogiczna pomaga w urz\u0105dzeniu plac\u00f3wki; pierwszym dyrektorem zostaje p. Irena Myk.<\/span><\/li>\n<li><span style=\"font-size: 14pt;\"><b>czerwiec 1981<\/b> \u2013 najstarsza grupa przedszkolak\u00f3w przedstawieniem \u201eKopciuszek\u201d po\u017cegna\u0142a Przedszkole.<\/span><\/li>\n<li><span style=\"font-size: 14pt;\"><b>sierpie\u0144 1982<\/b> \u2013 Przedszkole go\u015bci przedstawicieli UNESCO ze Szwajcarii, Algierii, Norwegii i Rumunii.<\/span><\/li>\n<li><span style=\"font-size: 14pt;\"><b>pa\u017adziernik 1987<\/b> \u2013 Sesja Post\u0119pu Pedagogicznego \u201eRuch to zdrowie\u201d.<\/span><\/li>\n<li><span style=\"font-size: 14pt;\"><b>wrzesie\u0144 1989<\/b> \u2013 obowi\u0105zki dyrektora pe\u0142ni przez rok p. Joanna Zaremba.<\/span><\/li>\n<li><span style=\"font-size: 14pt;\"><b>luty 1991<\/b> \u2013 p. Irena Myk rozpoczyna prac\u0119 w Kuratorium jako wizytator.<\/span><\/li>\n<li><span style=\"font-size: 14pt;\"><b>kwiecie\u0144 1991<\/b> \u2013 konkurs na dyrektora wygrywa p. Joanna Zaremba.<\/span><\/li>\n<li><span style=\"font-size: 14pt;\"><b>wrzesie\u0144 1992<\/b> \u2013 z inicjatywy p. Ma\u0142gorzaty M\u0142ynarskiej \u2013 logopedy i p. Tomasza Smreki \u2013 psychologa powstaj\u0105 w Przedszkolu pierwsze grupy integracyjne.<\/span><\/li>\n<li><span style=\"font-size: 14pt;\"><b>wrzesie\u0144 1993<\/b> \u2013 obowi\u0105zki dyrektora pe\u0142ni przez rok p. Tomasz Smreka.<\/span><\/li>\n<li><span style=\"font-size: 14pt;\"><b>czerwiec 1994<\/b> \u2013 konkurs na dyrektora wygrywa p. Renata Strojec.<\/span><\/li>\n<li><span style=\"font-size: 14pt;\"><b>lipiec 1997 <\/b>\u2013 pow\u00f3d\u017a niszczy cz\u0119\u015b\u0107 pomieszcze\u0144 Przedszkola i wi\u0119kszo\u015b\u0107 cennego sprz\u0119tu.<\/span><\/li>\n<li><span style=\"font-size: 14pt;\"><b>pa\u017adziernik 1997<\/b> \u2013 dzieci powracaj\u0105 po remoncie do Przedszkola.<\/span><\/li>\n<li><span style=\"font-size: 14pt;\"><b>czerwiec 1999<\/b> \u2013 zostaje zatwierdzony autorski program pn. \u201eRozw\u00f3j samo\u015bwiadomo\u015bci dziecka w relacjach ze \u015bwiatem\u201d opracowany przez R. Strojec, E. Bros, L. \u0141ydk\u0119 i T. Zieli\u0144sk\u0105.<\/span><\/li>\n<li><span style=\"font-size: 14pt;\"><b>luty 2001<\/b> \u2013 uroczysto\u015b\u0107 z okazji 20-lecia istnienia plac\u00f3wki.<\/span><\/li>\n<li><span style=\"font-size: 14pt;\"><b>marzec 2001<\/b> \u2013 w ramach Dolno\u015bl\u0105skiego Forum Integracji Przedszkole organizuje warsztaty dla nauczycieli pn. \u201eNauczyciel a wyzwania integracji\u201d.<\/span><\/li>\n<li><span style=\"font-size: 14pt;\"><b>maj 2003<\/b> \u2013 warsztaty w ramach Dolno\u015bl\u0105skiego Forum Integracji nt. \u201eWady i zalety dzisiejszego orzecznictwa\u201d.<\/span><\/li>\n<li><span style=\"font-size: 14pt;\"><b>maj 2005<\/b> \u2013 Og\u00f3lnopolskie Forum Przedszkoli Integracyjnych w Che\u0142mie \u2013 nasze Przedszkole otrzymuje tytu\u0142 Lidera Integracji.<\/span><\/li>\n<li><span style=\"font-size: 14pt;\"><b>marzec 2005<\/b> \u2013 III Warsztaty Wroc\u0142awskich Plac\u00f3wek Integracyjnych \u201eRodzice w integracji\u201d.<\/span><\/li>\n<li><span style=\"font-size: 14pt;\"><b>luty 2006<\/b> \u2013 uroczysto\u015b\u0107 nadania imienia Janusza Korczaka oraz 25-lecie istnienia plac\u00f3wki.<\/span><\/li>\n<li><span style=\"font-size: 14pt;\"><b>luty 2009<\/b> \u2013 konkurs na dyrektora wygrywa p. Renata Strojec.<\/span><\/li>\n<li><span style=\"font-size: 14pt;\"><b>czerwiec 2009<\/b> \u2013 Przedszkole bierze czynny udzia\u0142 w uroczystym zako\u0144czeniu Roku Przedszkolaka w Hali Stulecia we Wroc\u0142awiu.<\/span><\/li>\n<li><span style=\"font-size: 14pt;\"><b>luty 2011<\/b> \u2013 Jubileusz XXX-lecia Przedszkola<\/span><\/li>\n<\/ul>\n<p>[\/vc_column_text][\/vc_column][\/vc_row]<\/p>\n<\/div>","protected":false},"excerpt":{"rendered":"<p>[vc_row][vc_column][vc_gallery type=&#8221;image_grid&#8221; images=&#8221;311,312,313&#8243; img_size=&#8221;medium&#8221; onclick=&#8221;img_link_large&#8221;][\/vc_column][\/vc_row][vc_row][vc_column][vc_column_text css=&#8221;&#8221;] Historia: luty 1981 \u2013 otwarcie Przedszkola; ca\u0142a kadra techniczna i pedagogiczna pomaga w urz\u0105dzeniu plac\u00f3wki; pierwszym dyrektorem zostaje p. Irena Myk. czerwiec 1981 \u2013 [&hellip;]<\/p>\n","protected":false},"author":72,"featured_media":0,"parent":297,"menu_order":0,"comment_status":"closed","ping_status":"closed","template":"","meta":{"footnotes":""},"class_list":["post-310","page","type-page","status-publish","hentry","clearfix"],"_links":{"self":[{"href":"https:\/\/przedszkole125.edu.wroclaw.pl\/index.php\/wp-json\/wp\/v2\/pages\/310","targetHints":{"allow":["GET"]}}],"collection":[{"href":"https:\/\/przedszkole125.edu.wroclaw.pl\/index.php\/wp-json\/wp\/v2\/pages"}],"about":[{"href":"https:\/\/przedszkole125.edu.wroclaw.pl\/index.php\/wp-json\/wp\/v2\/types\/page"}],"author":[{"embeddable":true,"href":"https:\/\/przedszkole125.edu.wroclaw.pl\/index.php\/wp-json\/wp\/v2\/users\/72"}],"replies":[{"embeddable":true,"href":"https:\/\/przedszkole125.edu.wroclaw.pl\/index.php\/wp-json\/wp\/v2\/comments?post=310"}],"version-history":[{"count":10,"href":"https:\/\/przedszkole125.edu.wroclaw.pl\/index.php\/wp-json\/wp\/v2\/pages\/310\/revisions"}],"predecessor-version":[{"id":1155,"href":"https:\/\/przedszkole125.edu.wroclaw.pl\/index.php\/wp-json\/wp\/v2\/pages\/310\/revisions\/1155"}],"up":[{"embeddable":true,"href":"https:\/\/przedszkole125.edu.wroclaw.pl\/index.php\/wp-json\/wp\/v2\/pages\/297"}],"wp:attachment":[{"href":"https:\/\/przedszkole125.edu.wroclaw.pl\/index.php\/wp-json\/wp\/v2\/media?parent=310"}],"curies":[{"name":"wp","href":"https:\/\/api.w.org\/{rel}","templated":true}]}}