


{"id":308,"date":"2023-07-11T14:40:27","date_gmt":"2023-07-11T12:40:27","guid":{"rendered":"https:\/\/przedszkole125.edu.wroclaw.pl\/?page_id=308"},"modified":"2023-07-11T14:40:27","modified_gmt":"2023-07-11T12:40:27","slug":"hymn","status":"publish","type":"page","link":"https:\/\/przedszkole125.edu.wroclaw.pl\/index.php\/o-nas\/o-przedszkolu\/hymn\/","title":{"rendered":"Hymn"},"content":{"rendered":"<div class=\"wpb-content-wrapper\"><p>[vc_row][vc_column][vc_column_text]<\/p>\n<h2><span style=\"font-size: 24pt;\">Dobry doktor<\/span><\/h2>\n<p><span style=\"font-size: 14pt;\"><strong>s\u0142owa:<\/strong> Halina Kuropatnicka \u2013 Salamon<br \/>\n<strong>muzyka:<\/strong> Dariusz Banaszczyk<\/span><\/p>\n<p><span style=\"font-size: 14pt;\">Nie za si\u00f3dm\u0105 g\u00f3r\u0105, nie za si\u00f3dm\u0105 rzek\u0105,<br \/>\nJeszcze tak niedawno, ca\u0142kiem niedaleko,<br \/>\nmieszka\u0142 Janusz Korczak \u2013 ten, co swoje serce<br \/>\nrozda\u0142 wszystkim dzieciom po jednej iskierce.<\/span><\/p>\n<p><span style=\"font-size: 14pt;\">I dlatego teraz ka\u017cde ma\u0142e dziecko<br \/>\nmo\u017ce mie\u0107 na w\u0142asno\u015b\u0107 codzienne s\u0142oneczko.<\/span><\/p>\n<p><span style=\"font-size: 14pt;\">Uczy\u0142 jak si\u0119 cieszy\u0107, jak sobie pomaga\u0107;<br \/>\nm\u00f3wi\u0142, co to mi\u0142o\u015b\u0107, co to odwaga.<br \/>\nUmia\u0142 budzi\u0107 u\u015bmiech i wielkie marzenia,<br \/>\ni potrafi\u0142 sprawia\u0107 pi\u0119kne wydarzenia<\/span><\/p>\n<p><span style=\"font-size: 14pt;\">I dlatego teraz ka\u017cde ma\u0142e dziecko<br \/>\nmo\u017ce mie\u0107 na w\u0142asno\u015b\u0107 codzienne s\u0142oneczko.<\/span>[\/vc_column_text][\/vc_column][\/vc_row]<\/p>\n<\/div>","protected":false},"excerpt":{"rendered":"<p>[vc_row][vc_column][vc_column_text] Dobry doktor s\u0142owa: Halina Kuropatnicka \u2013 Salamon muzyka: Dariusz Banaszczyk Nie za si\u00f3dm\u0105 g\u00f3r\u0105, nie za si\u00f3dm\u0105 rzek\u0105, Jeszcze tak niedawno, ca\u0142kiem niedaleko, mieszka\u0142 Janusz Korczak \u2013 ten, co [&hellip;]<\/p>\n","protected":false},"author":72,"featured_media":0,"parent":297,"menu_order":0,"comment_status":"closed","ping_status":"closed","template":"","meta":{"footnotes":""},"class_list":["post-308","page","type-page","status-publish","hentry","clearfix"],"_links":{"self":[{"href":"https:\/\/przedszkole125.edu.wroclaw.pl\/index.php\/wp-json\/wp\/v2\/pages\/308","targetHints":{"allow":["GET"]}}],"collection":[{"href":"https:\/\/przedszkole125.edu.wroclaw.pl\/index.php\/wp-json\/wp\/v2\/pages"}],"about":[{"href":"https:\/\/przedszkole125.edu.wroclaw.pl\/index.php\/wp-json\/wp\/v2\/types\/page"}],"author":[{"embeddable":true,"href":"https:\/\/przedszkole125.edu.wroclaw.pl\/index.php\/wp-json\/wp\/v2\/users\/72"}],"replies":[{"embeddable":true,"href":"https:\/\/przedszkole125.edu.wroclaw.pl\/index.php\/wp-json\/wp\/v2\/comments?post=308"}],"version-history":[{"count":1,"href":"https:\/\/przedszkole125.edu.wroclaw.pl\/index.php\/wp-json\/wp\/v2\/pages\/308\/revisions"}],"predecessor-version":[{"id":309,"href":"https:\/\/przedszkole125.edu.wroclaw.pl\/index.php\/wp-json\/wp\/v2\/pages\/308\/revisions\/309"}],"up":[{"embeddable":true,"href":"https:\/\/przedszkole125.edu.wroclaw.pl\/index.php\/wp-json\/wp\/v2\/pages\/297"}],"wp:attachment":[{"href":"https:\/\/przedszkole125.edu.wroclaw.pl\/index.php\/wp-json\/wp\/v2\/media?parent=308"}],"curies":[{"name":"wp","href":"https:\/\/api.w.org\/{rel}","templated":true}]}}