


{"id":299,"date":"2023-07-10T13:37:44","date_gmt":"2023-07-10T11:37:44","guid":{"rendered":"https:\/\/przedszkole125.edu.wroclaw.pl\/?page_id=299"},"modified":"2024-07-08T14:46:06","modified_gmt":"2024-07-08T12:46:06","slug":"janusz-korczak-nasz-patron","status":"publish","type":"page","link":"https:\/\/przedszkole125.edu.wroclaw.pl\/index.php\/o-nas\/o-przedszkolu\/janusz-korczak-nasz-patron\/","title":{"rendered":"Janusz Korczak \u2013 nasz patron"},"content":{"rendered":"<div class=\"wpb-content-wrapper\"><p>[vc_row][vc_column][vc_column_text css=&#8221;&#8221;]<\/p>\n<p style=\"text-align: center;\"><span style=\"font-size: 18pt;\"><strong>17 lutego 2006 roku patronem naszego<\/strong><\/span><br \/>\n<span style=\"font-size: 18pt;\"><strong>Przedszkola zosta\u0142 Janusz Korczak<\/strong><\/span><\/p>\n<p><span style=\"font-size: 14pt;\"><img loading=\"lazy\" decoding=\"async\" class=\"size-full wp-image-302 alignleft\" src=\"https:\/\/przedszkole125.edu.wroclaw.pl\/wp-content\/uploads\/sites\/78\/2023\/07\/151px-Janusz_Korczak.png\" alt=\"Zdj\u0119cie Janusza Korczaka\" width=\"151\" height=\"240\" \/><\/span><\/p>\n<h2><span style=\"font-size: 14pt;\">Janusz Korczak (rodowe nazwisko Henryk Goldszmit). Urodzony w 1878 lub 1879 roku w Warszawie, zgin\u0105\u0142 w roku 1942 w Treblince.<\/span><\/h2>\n<p><span style=\"font-size: 14pt;\">Decyduj\u0105c si\u0119 na t\u0105 posta\u0107 uznali\u015bmy, \u017ce b\u0119dzie ona wzorem godnym na\u015bladowania.<\/span><br \/>\n<span style=\"font-size: 14pt;\">Ten wybitny pedagog, lekarz i pisarz uczy\u0142 jak kocha\u0107 dziecko mi\u0142o\u015bci\u0105 pe\u0142n\u0105 szacunku. Troszczy\u0142 si\u0119 o mo\u017cliwie szcz\u0119\u015bliwe dzieci\u0144stwo i harmonijny rozw\u00f3j ka\u017cdego wychowanka, niezale\u017cnie od jego narodowo\u015bci i wyznania. Jego spu\u015bcizna pedagogiczna jest \u017ar\u00f3d\u0142em inspiracji dla nauczycieli naszego przedszkola, a tematyka \u201ekorczakowska\u201d zosta\u0142a w\u0142\u0105czona do pracy dydaktyczno \u2013 wychowawczej.<\/span><\/p>\n<p><span style=\"font-size: 14pt;\">Janusz Korczak by\u0142 w Polsce prekursorem walki o prawa dziecka. Zwraca\u0142 szczeg\u00f3ln\u0105 uwag\u0119 na nier\u00f3wnoprawn\u0105 pozycj\u0119 dzieci w spo\u0142ecze\u0144stwie, ich niewolnicz\u0105 zale\u017cno\u015b\u0107 od doros\u0142ych. Domaga\u0142 si\u0119 uznania dziecka za pe\u0142nowarto\u015bciowego cz\u0142owieka od chwili narodzin i na ka\u017cdym etapie swojego istnienia. <strong>Uwa\u017ca\u0142, \u017ce dziecko ma prawo by\u0107 sob\u0105.<\/strong><\/span>[\/vc_column_text][\/vc_column][\/vc_row][vc_row][vc_column][vc_single_image image=&#8221;306&#8243; img_size=&#8221;full&#8221; alignment=&#8221;center&#8221; onclick=&#8221;img_link_large&#8221;][\/vc_column][\/vc_row]<\/p>\n<\/div>","protected":false},"excerpt":{"rendered":"<p>[vc_row][vc_column][vc_column_text css=&#8221;&#8221;] 17 lutego 2006 roku patronem naszego Przedszkola zosta\u0142 Janusz Korczak Janusz Korczak (rodowe nazwisko Henryk Goldszmit). Urodzony w 1878 lub 1879 roku w Warszawie, zgin\u0105\u0142 w roku 1942 [&hellip;]<\/p>\n","protected":false},"author":72,"featured_media":0,"parent":297,"menu_order":0,"comment_status":"closed","ping_status":"closed","template":"","meta":{"footnotes":""},"class_list":["post-299","page","type-page","status-publish","hentry","clearfix"],"_links":{"self":[{"href":"https:\/\/przedszkole125.edu.wroclaw.pl\/index.php\/wp-json\/wp\/v2\/pages\/299","targetHints":{"allow":["GET"]}}],"collection":[{"href":"https:\/\/przedszkole125.edu.wroclaw.pl\/index.php\/wp-json\/wp\/v2\/pages"}],"about":[{"href":"https:\/\/przedszkole125.edu.wroclaw.pl\/index.php\/wp-json\/wp\/v2\/types\/page"}],"author":[{"embeddable":true,"href":"https:\/\/przedszkole125.edu.wroclaw.pl\/index.php\/wp-json\/wp\/v2\/users\/72"}],"replies":[{"embeddable":true,"href":"https:\/\/przedszkole125.edu.wroclaw.pl\/index.php\/wp-json\/wp\/v2\/comments?post=299"}],"version-history":[{"count":7,"href":"https:\/\/przedszkole125.edu.wroclaw.pl\/index.php\/wp-json\/wp\/v2\/pages\/299\/revisions"}],"predecessor-version":[{"id":1150,"href":"https:\/\/przedszkole125.edu.wroclaw.pl\/index.php\/wp-json\/wp\/v2\/pages\/299\/revisions\/1150"}],"up":[{"embeddable":true,"href":"https:\/\/przedszkole125.edu.wroclaw.pl\/index.php\/wp-json\/wp\/v2\/pages\/297"}],"wp:attachment":[{"href":"https:\/\/przedszkole125.edu.wroclaw.pl\/index.php\/wp-json\/wp\/v2\/media?parent=299"}],"curies":[{"name":"wp","href":"https:\/\/api.w.org\/{rel}","templated":true}]}}