


{"id":297,"date":"2023-07-10T13:34:57","date_gmt":"2023-07-10T11:34:57","guid":{"rendered":"https:\/\/przedszkole125.edu.wroclaw.pl\/?page_id=297"},"modified":"2024-07-08T14:43:25","modified_gmt":"2024-07-08T12:43:25","slug":"o-przedszkolu","status":"publish","type":"page","link":"https:\/\/przedszkole125.edu.wroclaw.pl\/index.php\/o-nas\/o-przedszkolu\/","title":{"rendered":"O przedszkolu"},"content":{"rendered":"<div class=\"wpb-content-wrapper\"><p>[vc_row][vc_column][vc_column_text css=&#8221;&#8221;]<\/p>\n<h2><span style=\"font-size: 14pt;\">Przedszkole zlokalizowane jest w centrum miasta. Mie\u015bci si\u0119 w wolnostoj\u0105cym, du\u017cym jednopi\u0119trowym budynku. Jego atutem jest po\u0142o\u017cenie z daleka od ruchliwej ulicy.<\/span><\/h2>\n<p class=\"has-text-align-left\" data-fontsize=\"16\"><span style=\"font-size: 14pt;\">Posiadamy du\u017cy, zielony ogr\u00f3d, wyposa\u017cony w sprz\u0119t do zaj\u0119\u0107 i zabaw ruchowych a tak\u017ce ogr\u00f3d sensoryczny.<\/span><\/p>\n<p class=\"has-text-align-left\" data-fontsize=\"16\"><span style=\"font-size: 14pt;\">Dzieci ucz\u0119szczaj\u0105ce do przedszkola zamieszkuj\u0105 r\u00f3\u017cne rejony miasta. Plac\u00f3wka stwarza mo\u017cliwo\u015bci ucz\u0119szczania do niej dzieci ze specjalnymi potrzebami edukacyjnymi, specyficznymi potrzebami \u017cywieniowymi oraz dzieci obcokrajowc\u00f3w.<\/span><\/p>\n<p class=\"has-text-align-left\" data-fontsize=\"16\"><span style=\"font-size: 14pt;\"><strong>Przedszkole rozpocz\u0119\u0142o swoj\u0105 dzia\u0142alno\u015b\u0107 09 lutego 1981 r.<\/strong><\/span><\/p>\n<p class=\"has-text-align-left\" data-fontsize=\"16\"><span style=\"font-size: 14pt;\"><strong>\u00a0We wrze\u015bniu 1992 roku\u00a0 jako pierwsze we Wroc\u0142awiu,<\/strong> <strong>wprowadzi\u0142o\u00a0 oddzia\u0142y integracyjne<\/strong><\/span><\/p>\n<p data-fontsize=\"16\"><span style=\"font-size: 14pt;\">Prowadzimy 6 grup wiekowych, otaczaj\u0105c opiek\u0105 120 dzieci. W ka\u017cdej oko\u0142o 20-osobowej grupie jest maksymalnie 5 dzieci o specjalnych potrzebach edukacyjnych.\u00a0<\/span><\/p>\n<p><span style=\"font-size: 14pt;\"><strong>Zatrudniamy 12 nauczycieli, 6 pedagog\u00f3w specjalnych, a tak\u017ce 2 logoped\u00f3w, psychologa, muzykoterapeut\u0119, kt\u00f3rzy prowadza zaj\u0119cia terapeutyczne.<\/strong><\/span>[\/vc_column_text][\/vc_column][\/vc_row]<\/p>\n<\/div>","protected":false},"excerpt":{"rendered":"<p>[vc_row][vc_column][vc_column_text css=&#8221;&#8221;] Przedszkole zlokalizowane jest w centrum miasta. Mie\u015bci si\u0119 w wolnostoj\u0105cym, du\u017cym jednopi\u0119trowym budynku. Jego atutem jest po\u0142o\u017cenie z daleka od ruchliwej ulicy. Posiadamy du\u017cy, zielony ogr\u00f3d, wyposa\u017cony w [&hellip;]<\/p>\n","protected":false},"author":72,"featured_media":0,"parent":18,"menu_order":0,"comment_status":"closed","ping_status":"closed","template":"","meta":{"footnotes":""},"class_list":["post-297","page","type-page","status-publish","hentry","clearfix"],"_links":{"self":[{"href":"https:\/\/przedszkole125.edu.wroclaw.pl\/index.php\/wp-json\/wp\/v2\/pages\/297","targetHints":{"allow":["GET"]}}],"collection":[{"href":"https:\/\/przedszkole125.edu.wroclaw.pl\/index.php\/wp-json\/wp\/v2\/pages"}],"about":[{"href":"https:\/\/przedszkole125.edu.wroclaw.pl\/index.php\/wp-json\/wp\/v2\/types\/page"}],"author":[{"embeddable":true,"href":"https:\/\/przedszkole125.edu.wroclaw.pl\/index.php\/wp-json\/wp\/v2\/users\/72"}],"replies":[{"embeddable":true,"href":"https:\/\/przedszkole125.edu.wroclaw.pl\/index.php\/wp-json\/wp\/v2\/comments?post=297"}],"version-history":[{"count":2,"href":"https:\/\/przedszkole125.edu.wroclaw.pl\/index.php\/wp-json\/wp\/v2\/pages\/297\/revisions"}],"predecessor-version":[{"id":1149,"href":"https:\/\/przedszkole125.edu.wroclaw.pl\/index.php\/wp-json\/wp\/v2\/pages\/297\/revisions\/1149"}],"up":[{"embeddable":true,"href":"https:\/\/przedszkole125.edu.wroclaw.pl\/index.php\/wp-json\/wp\/v2\/pages\/18"}],"wp:attachment":[{"href":"https:\/\/przedszkole125.edu.wroclaw.pl\/index.php\/wp-json\/wp\/v2\/media?parent=297"}],"curies":[{"name":"wp","href":"https:\/\/api.w.org\/{rel}","templated":true}]}}