


{"id":291,"date":"2023-07-10T13:28:22","date_gmt":"2023-07-10T11:28:22","guid":{"rendered":"https:\/\/przedszkole125.edu.wroclaw.pl\/?page_id=291"},"modified":"2023-08-31T13:24:01","modified_gmt":"2023-08-31T11:24:01","slug":"projekty-autorskie-nauczycieli","status":"publish","type":"page","link":"https:\/\/przedszkole125.edu.wroclaw.pl\/index.php\/o-nas\/kadra\/projekty-autorskie-nauczycieli\/","title":{"rendered":"Projekty autorskie nauczycieli"},"content":{"rendered":"<div class=\"wpb-content-wrapper\"><p>[vc_row][vc_column][vc_column_text]<\/p>\n<h2 data-fontsize=\"18\"><span style=\"font-size: 14pt;\"><b>W poszczeg\u00f3lnych grupach realizowane s\u0105 projekty:<\/b><\/span><\/h2>\n<ul>\n<li><span style=\"font-size: 14pt;\">\u201eRazem \u0142atwiej i weselej\u201d \u2013 program adaptacyjny<\/span><\/li>\n<li><span style=\"font-size: 14pt;\">\u201eK\u00f3\u0142ko graniaste i inne zabawy integracyjne\u201d<\/span><\/li>\n<li><span style=\"font-size: 14pt;\">\u201e\u0106wiczenia buzi i j\u0119zyka. Bajki koartykulacyjne\u201d<\/span><\/li>\n<li><span style=\"font-size: 14pt;\">\u201e\u015awi\u0119to drzewa\u201d<\/span><\/li>\n<li><span style=\"font-size: 14pt;\">\u201eNasz ma\u0142y teatrzyk\u201d<\/span><\/li>\n<li><span style=\"font-size: 14pt;\">\u201ePsoty i wybryki w krainie plastyki\u201d<\/span><\/li>\n<li><span style=\"font-size: 14pt;\">\u201eBiblioteka przyjazna dzieciom\u201d<\/span><\/li>\n<li><span style=\"font-size: 14pt;\">\u201e\u015awiat matematyki\u201d<\/span><\/li>\n<li><span style=\"font-size: 14pt;\">\u201eWeso\u0142o i kolorowo \u2013 zabawy na ca\u0142y rok\u201d<\/span><\/li>\n<li><span style=\"font-size: 14pt;\">\u201eNazywanie \u015bwiata \u2013 czytanie metod\u0105 globaln\u0105 dla dzieci w przedszkolu\u201d<\/span><\/li>\n<li><span style=\"font-size: 14pt;\">\u201eProjekt dzia\u0142a\u0144 edukacyjnych z elementami edukacji przez ruch D. Dziamskiej<\/span><\/li>\n<li><span style=\"font-size: 14pt;\">\u201eDzie\u0144 \u017cyczliwo\u015bci\u201d<\/span><\/li>\n<li><span style=\"font-size: 14pt;\">\u201eTeatrzyk dla dzieci: nauczyciele \u2013 dzieciom\u201d<\/span><\/li>\n<li><span style=\"font-size: 14pt;\">\u201ePewna r\u0105czka bardzo ma\u0142a\u201d \u2013 projekt terapeutyczny usprawniaj\u0105cy motoryk\u0119 ma\u0142\u0105<\/span><\/li>\n<li><span style=\"font-size: 14pt;\">\u201eJeden, dwa, trzy zaczynamy\u201d \u2013 projekt terapeutyczny, kompilacja r\u00f3\u017cnorodnych metod stosowanych w pracy z dzie\u0107mi o specyficznych potrzebach edukacyjnych<\/span><\/li>\n<li><span style=\"font-size: 14pt;\">\u201eZestaw zabaw i \u0107wicze\u0144 z elementami Metody Ruchu Rozwijaj\u0105cego<\/span><br \/>\n<span style=\"font-size: 14pt;\">W. Sherborne\u201d<\/span><\/li>\n<li><span style=\"font-size: 14pt;\">\u201eHopla\u201d \u2013 projekt skierowany do ca\u0142ej grupy, zabawy logorytmiczne<\/span><\/li>\n<li><span style=\"font-size: 14pt;\">\u201eBa\u015bnie, wiersze, bajeczki \u2013 lubimy czyta\u0107 ksi\u0105\u017ceczki\u201d<\/span><\/li>\n<li><span style=\"font-size: 14pt;\">\u201eRado\u015b\u0107 czytania\u201d \u2013 projekt kszta\u0142tuj\u0105cy gotowo\u015b\u0107 do nauki czytania i pisania<\/span><\/li>\n<li><span style=\"font-size: 14pt;\">\u201eGry i zabawy matematyczne dla dzieci\u201d \u2013 edukacja matematyczna<\/span><\/li>\n<li><span style=\"font-size: 14pt;\">\u201eAkademia Zdrowego Przedszkolaka\u201d<\/span><\/li>\n<li><span style=\"font-size: 14pt;\">\u201ePaluszkowe zabawy \u2013 wyliczanki, rymowanki, rysowanki\u201d<\/span><\/li>\n<li><span style=\"font-size: 14pt;\">\u201eZestaw zabaw i \u0107wicze\u0144 usprawniaj\u0105cych motoryk\u0119 ma\u0142\u0105 i koordynacj\u0119 wzrokowo \u2013 ruchow\u0105 na weso\u0142o\u201d<\/span><\/li>\n<li><span style=\"font-size: 14pt;\">\u201e\u0141amig\u0142\u00f3wki m\u0105drej g\u0142\u00f3wki\u201d<\/span><\/li>\n<li><span style=\"font-size: 14pt;\">\u201eCyfry i szlaczki \u2013 \u0107wiczenia grafomotoryczne usprawniaj\u0105ce r\u0119k\u0119 pisz\u0105c\u0105\u201d<\/span><\/li>\n<li><span style=\"font-size: 14pt;\">\u201eZabawy integracyjne \u2013 zabawy z chust\u0105 animacyjn\u0105\u201d<\/span><\/li>\n<li><span style=\"font-size: 14pt;\">\u201eMatematyka na weso\u0142o\u201d<\/span><\/li>\n<li><span style=\"font-size: 14pt;\">\u201eZabawa w teatr\u201d<\/span><\/li>\n<li><span style=\"font-size: 14pt;\">\u201eImieniny patrona\u201d \u2013 spotkanie absolwent\u00f3w<\/span><\/li>\n<li><span style=\"font-size: 14pt;\">\u201eM\u0142ody Szachista\u201d<\/span><\/li>\n<\/ul>\n<p>[\/vc_column_text][\/vc_column][\/vc_row]<\/p>\n<\/div>","protected":false},"excerpt":{"rendered":"<p>[vc_row][vc_column][vc_column_text] W poszczeg\u00f3lnych grupach realizowane s\u0105 projekty: \u201eRazem \u0142atwiej i weselej\u201d \u2013 program adaptacyjny \u201eK\u00f3\u0142ko graniaste i inne zabawy integracyjne\u201d \u201e\u0106wiczenia buzi i j\u0119zyka. Bajki koartykulacyjne\u201d \u201e\u015awi\u0119to drzewa\u201d \u201eNasz ma\u0142y [&hellip;]<\/p>\n","protected":false},"author":72,"featured_media":0,"parent":285,"menu_order":0,"comment_status":"closed","ping_status":"closed","template":"","meta":{"footnotes":""},"class_list":["post-291","page","type-page","status-publish","hentry","clearfix"],"_links":{"self":[{"href":"https:\/\/przedszkole125.edu.wroclaw.pl\/index.php\/wp-json\/wp\/v2\/pages\/291","targetHints":{"allow":["GET"]}}],"collection":[{"href":"https:\/\/przedszkole125.edu.wroclaw.pl\/index.php\/wp-json\/wp\/v2\/pages"}],"about":[{"href":"https:\/\/przedszkole125.edu.wroclaw.pl\/index.php\/wp-json\/wp\/v2\/types\/page"}],"author":[{"embeddable":true,"href":"https:\/\/przedszkole125.edu.wroclaw.pl\/index.php\/wp-json\/wp\/v2\/users\/72"}],"replies":[{"embeddable":true,"href":"https:\/\/przedszkole125.edu.wroclaw.pl\/index.php\/wp-json\/wp\/v2\/comments?post=291"}],"version-history":[{"count":3,"href":"https:\/\/przedszkole125.edu.wroclaw.pl\/index.php\/wp-json\/wp\/v2\/pages\/291\/revisions"}],"predecessor-version":[{"id":560,"href":"https:\/\/przedszkole125.edu.wroclaw.pl\/index.php\/wp-json\/wp\/v2\/pages\/291\/revisions\/560"}],"up":[{"embeddable":true,"href":"https:\/\/przedszkole125.edu.wroclaw.pl\/index.php\/wp-json\/wp\/v2\/pages\/285"}],"wp:attachment":[{"href":"https:\/\/przedszkole125.edu.wroclaw.pl\/index.php\/wp-json\/wp\/v2\/media?parent=291"}],"curies":[{"name":"wp","href":"https:\/\/api.w.org\/{rel}","templated":true}]}}