


{"id":289,"date":"2023-07-10T13:27:41","date_gmt":"2023-07-10T11:27:41","guid":{"rendered":"https:\/\/przedszkole125.edu.wroclaw.pl\/?page_id=289"},"modified":"2025-09-20T18:50:21","modified_gmt":"2025-09-20T16:50:21","slug":"specjalisci","status":"publish","type":"page","link":"https:\/\/przedszkole125.edu.wroclaw.pl\/index.php\/o-nas\/kadra\/specjalisci\/","title":{"rendered":"Specjali\u015bci"},"content":{"rendered":"<div class=\"wpb-content-wrapper\"><p>[vc_row][vc_column][vc_column_text css=&#8221;&#8221;]<\/p>\n<h5><span style=\"font-family: arial, helvetica, sans-serif;font-size: 14pt\"><strong>DYREKTOR PRZEDSZKOLA: mgr Renata Strojec<br \/>\n<span style=\"font-size: 12pt\">WICEDYREKTOR PRZEDSZKOLA: mgr Anna Latoszewska<\/span><br \/>\n<\/strong><\/span><\/h5>\n<p>&nbsp;<\/p>\n<p><span style=\"font-family: arial, helvetica, sans-serif;font-size: 14pt\"><strong>PEDAGODZY SPECJALNI:<\/strong><\/span><\/p>\n<p><span style=\"font-size: 14pt;font-family: arial, helvetica, sans-serif\">mgr Agnieszka Ch\u0142\u0105dzy\u0144ska<\/span><\/p>\n<p><span style=\"font-size: 14pt;font-family: arial, helvetica, sans-serif\">mgr Natalia Gadzina<\/span><\/p>\n<p><span style=\"font-size: 14pt;font-family: arial, helvetica, sans-serif\">mgr Bo\u017cena Kopka<br \/>\n<\/span><\/p>\n<p><span style=\"font-family: arial, helvetica, sans-serif;font-size: 14pt\">mgr Aleksandra Struzik<br \/>\n<\/span><\/p>\n<p><span style=\"font-size: 14pt;font-family: arial, helvetica, sans-serif\">mgr Anna Urbaniak<\/span><\/p>\n<p><span style=\"font-size: 14pt;font-family: arial, helvetica, sans-serif\">mgr Paulina W\u00f3jcik<\/span><\/p>\n<p><span style=\"font-family: arial, helvetica, sans-serif;font-size: 14pt\"><strong>PSYCHOLOG:<\/strong><\/span><br \/>\n<span style=\"font-size: 14pt;font-family: arial, helvetica, sans-serif\"><strong>mgr Teresa Zieli\u0144ska<br \/>\ngrupy: I, III, V, VI<\/strong><\/span><br \/>\n<span style=\"font-size: 14pt;font-family: arial, helvetica, sans-serif\">Konsultacje dla rodzic\u00f3w ka\u017cdego dnia w godzinach porannych, popo\u0142udniowe we wtorek oraz w razie potrzeby w ustalonym indywidualnie terminie. <strong>Telefon 71 798 67 64 wew. 141<\/strong><\/span><\/p>\n<p><strong><span style=\"font-size: 14pt;font-family: arial, helvetica, sans-serif\">mgr Paulina W\u00f3jcik<\/span><\/strong><br \/>\n<strong><span style=\"font-size: 14pt;font-family: arial, helvetica, sans-serif\">grupy: II, IV<\/span><\/strong><\/p>\n<p><span style=\"font-size: 14pt;font-family: arial, helvetica, sans-serif\">Psycholog, mgr Paulina W\u00f3jcik\u00a0 zaprasza do kontaktu: adres e-mail: <a href=\"mailto:psycholog.p125@vp.pl\"><strong>psycholog0125@gmail.com<\/strong><\/a><\/span><\/p>\n<p><span style=\"font-family: arial, helvetica, sans-serif;font-size: 14pt\"><strong>Do wszystkich Rodzic\u00f3w dzieci ucz\u0119szczaj\u0105cych do Przedszkola 125.<\/strong><\/span><br \/>\n<span style=\"font-size: 14pt;font-family: arial, helvetica, sans-serif\">Je\u015bli odczuwacie Pa\u0144stwo potrzeb\u0119 rozmowy, wsparcia, pomocy w obecnej sytuacji <\/span><br \/>\n<span style=\"font-size: 14pt;font-family: arial, helvetica, sans-serif\">Psycholog, mgr Teresa Zieli\u0144ska zaprasza do kontaktu: adres e-mail: <a href=\"mailto:psycholog.p125@vp.pl\"><strong>psycholog.p125@wp.pl<\/strong><\/a><\/span><\/p>\n<p><span style=\"font-family: arial, helvetica, sans-serif;font-size: 14pt\"><strong>Kontakt jest dost\u0119pny dla wszystkich Rodzic\u00f3w dzieci ucz\u0119szczaj\u0105cych do Przedszkola nr 125 we Wroc\u0142awiu, a tak\u017ce zainteresowanych nasz\u0105 plac\u00f3wk\u0105 Rodzic\u00f3w ubiegaj\u0105cych si\u0119 o miejsce dla dziecka ze specjalnymi potrzebami edukacyjnymi.<\/strong><\/span><\/p>\n<p><span style=\"font-family: arial, helvetica, sans-serif;font-size: 14pt\"><strong>NEUROLOGOPEDA:<\/strong><\/span><br \/>\n<span style=\"font-size: 14pt;font-family: arial, helvetica, sans-serif\"><strong>mgr Maria \u017byromska<br \/>\n<\/strong><strong>grupy: I, II, III, IV<\/strong><\/span><\/p>\n<p><span style=\"font-family: arial, helvetica, sans-serif;font-size: 14pt\"><strong>LOGOPEDA:<\/strong><\/span><br \/>\n<span style=\"font-family: arial, helvetica, sans-serif;font-size: 14pt\"><strong>mgr Joanna Lewicka- Ku\u0142do<br \/>\ngrupy: V, VI<\/strong><\/span><span style=\"font-size: 14pt;font-family: arial, helvetica, sans-serif\"><br \/>\n<\/span><\/p>\n<p><span style=\"font-size: 14pt;font-family: arial, helvetica, sans-serif\">Na konsultacje logopedyczne nale\u017cy um\u00f3wi\u0107 si\u0119 telefonicznie. <strong>Telefon 71 798 67 64 wew. 141<\/strong><\/span><\/p>\n<p><span style=\"font-family: arial, helvetica, sans-serif;font-size: 14pt\"><strong>MUZYKOTERAPIA\/ ZAJ\u0118CIA RYTMICZNE:<\/strong><\/span><br \/>\n<span style=\"font-size: 14pt;font-family: arial, helvetica, sans-serif\">dr Justyna Gle\u0144sk<\/span><\/p>\n<p><span style=\"font-family: arial, helvetica, sans-serif;font-size: 14pt\"><strong>GIMNASTYKA OG\u00d3LNOROZWOJOWA I KOREKCYJNA<\/strong><\/span><br \/>\n<span style=\"font-size: 14pt;font-family: arial, helvetica, sans-serif\">mgr Iwona Brzozowska<\/span>[\/vc_column_text][\/vc_column][\/vc_row]<\/p>\n<\/div>","protected":false},"excerpt":{"rendered":"<p>[vc_row][vc_column][vc_column_text css=&#8221;&#8221;] DYREKTOR PRZEDSZKOLA: mgr Renata Strojec WICEDYREKTOR PRZEDSZKOLA: mgr Anna Latoszewska &nbsp; PEDAGODZY SPECJALNI: mgr Agnieszka Ch\u0142\u0105dzy\u0144ska mgr Natalia Gadzina mgr Bo\u017cena Kopka mgr Aleksandra Struzik mgr Anna Urbaniak [&hellip;]<\/p>\n","protected":false},"author":72,"featured_media":0,"parent":285,"menu_order":0,"comment_status":"closed","ping_status":"closed","template":"","meta":{"footnotes":""},"class_list":["post-289","page","type-page","status-publish","hentry","clearfix"],"_links":{"self":[{"href":"https:\/\/przedszkole125.edu.wroclaw.pl\/index.php\/wp-json\/wp\/v2\/pages\/289","targetHints":{"allow":["GET"]}}],"collection":[{"href":"https:\/\/przedszkole125.edu.wroclaw.pl\/index.php\/wp-json\/wp\/v2\/pages"}],"about":[{"href":"https:\/\/przedszkole125.edu.wroclaw.pl\/index.php\/wp-json\/wp\/v2\/types\/page"}],"author":[{"embeddable":true,"href":"https:\/\/przedszkole125.edu.wroclaw.pl\/index.php\/wp-json\/wp\/v2\/users\/72"}],"replies":[{"embeddable":true,"href":"https:\/\/przedszkole125.edu.wroclaw.pl\/index.php\/wp-json\/wp\/v2\/comments?post=289"}],"version-history":[{"count":20,"href":"https:\/\/przedszkole125.edu.wroclaw.pl\/index.php\/wp-json\/wp\/v2\/pages\/289\/revisions"}],"predecessor-version":[{"id":1621,"href":"https:\/\/przedszkole125.edu.wroclaw.pl\/index.php\/wp-json\/wp\/v2\/pages\/289\/revisions\/1621"}],"up":[{"embeddable":true,"href":"https:\/\/przedszkole125.edu.wroclaw.pl\/index.php\/wp-json\/wp\/v2\/pages\/285"}],"wp:attachment":[{"href":"https:\/\/przedszkole125.edu.wroclaw.pl\/index.php\/wp-json\/wp\/v2\/media?parent=289"}],"curies":[{"name":"wp","href":"https:\/\/api.w.org\/{rel}","templated":true}]}}