


{"id":287,"date":"2023-07-10T13:21:41","date_gmt":"2023-07-10T11:21:41","guid":{"rendered":"https:\/\/przedszkole125.edu.wroclaw.pl\/?page_id=287"},"modified":"2024-10-14T20:16:56","modified_gmt":"2024-10-14T18:16:56","slug":"nauczyciele","status":"publish","type":"page","link":"https:\/\/przedszkole125.edu.wroclaw.pl\/index.php\/o-nas\/kadra\/nauczyciele\/","title":{"rendered":"Nauczyciele"},"content":{"rendered":"<div class=\"wpb-content-wrapper\"><p>[vc_row][vc_column][vc_column_text css=&#8221;&#8221;]<\/p>\n<div class=\"entry-content\">\n<h2><span style=\"font-size: 14pt\">mgr Ma\u0142gorzata Baltyn<\/span><\/h2>\n<h2><span style=\"font-size: 14pt\">mgr Lidia Bandkowska<\/span><\/h2>\n<h2><span style=\"font-size: 14pt\">mgr Joanna Kami\u0144ska- Filipczak<\/span><\/h2>\n<h2><span style=\"font-size: 14pt\">mgr Anna Latoszewska<\/span><\/h2>\n<h2><span style=\"font-size: 14pt\">mgr Joanna Lewicka- Ku\u0142do<\/span><\/h2>\n<h2><span style=\"font-size: 14pt\">mgr Anna Maciejczyk<\/span><\/h2>\n<h2><span style=\"font-size: 14pt\">mgr Sylwia Pa\u0142ka<\/span><\/h2>\n<h2><span style=\"font-family: georgia, palatino, serif;font-size: 14pt\">mgr Sylwia Pawi\u0142oj\u0107- Sidor<\/span><\/h2>\n<h2><span style=\"font-size: 14pt\">mgr Teresa Pompowska<\/span><\/h2>\n<h2><span style=\"font-size: 14pt\">mgr Katarzyna St\u0119pie\u0144<\/span><\/h2>\n<h2><span style=\"font-size: 14pt\">mgr Beata Suryga\u0142a<\/span><\/h2>\n<p data-fontsize=\"16\">\n<\/div>\n<p>[\/vc_column_text][\/vc_column][\/vc_row]<\/p>\n<\/div>","protected":false},"excerpt":{"rendered":"<p>[vc_row][vc_column][vc_column_text css=&#8221;&#8221;] mgr Ma\u0142gorzata Baltyn mgr Lidia Bandkowska mgr Joanna Kami\u0144ska- Filipczak mgr Anna Latoszewska mgr Joanna Lewicka- Ku\u0142do mgr Anna Maciejczyk mgr Sylwia Pa\u0142ka mgr Sylwia Pawi\u0142oj\u0107- Sidor mgr [&hellip;]<\/p>\n","protected":false},"author":72,"featured_media":0,"parent":285,"menu_order":0,"comment_status":"closed","ping_status":"closed","template":"","meta":{"footnotes":""},"class_list":["post-287","page","type-page","status-publish","hentry","clearfix"],"_links":{"self":[{"href":"https:\/\/przedszkole125.edu.wroclaw.pl\/index.php\/wp-json\/wp\/v2\/pages\/287","targetHints":{"allow":["GET"]}}],"collection":[{"href":"https:\/\/przedszkole125.edu.wroclaw.pl\/index.php\/wp-json\/wp\/v2\/pages"}],"about":[{"href":"https:\/\/przedszkole125.edu.wroclaw.pl\/index.php\/wp-json\/wp\/v2\/types\/page"}],"author":[{"embeddable":true,"href":"https:\/\/przedszkole125.edu.wroclaw.pl\/index.php\/wp-json\/wp\/v2\/users\/72"}],"replies":[{"embeddable":true,"href":"https:\/\/przedszkole125.edu.wroclaw.pl\/index.php\/wp-json\/wp\/v2\/comments?post=287"}],"version-history":[{"count":13,"href":"https:\/\/przedszkole125.edu.wroclaw.pl\/index.php\/wp-json\/wp\/v2\/pages\/287\/revisions"}],"predecessor-version":[{"id":1273,"href":"https:\/\/przedszkole125.edu.wroclaw.pl\/index.php\/wp-json\/wp\/v2\/pages\/287\/revisions\/1273"}],"up":[{"embeddable":true,"href":"https:\/\/przedszkole125.edu.wroclaw.pl\/index.php\/wp-json\/wp\/v2\/pages\/285"}],"wp:attachment":[{"href":"https:\/\/przedszkole125.edu.wroclaw.pl\/index.php\/wp-json\/wp\/v2\/media?parent=287"}],"curies":[{"name":"wp","href":"https:\/\/api.w.org\/{rel}","templated":true}]}}