


{"id":280,"date":"2023-07-10T13:16:23","date_gmt":"2023-07-10T11:16:23","guid":{"rendered":"https:\/\/przedszkole125.edu.wroclaw.pl\/?page_id=280"},"modified":"2024-07-08T15:04:58","modified_gmt":"2024-07-08T13:04:58","slug":"wyposazenie","status":"publish","type":"page","link":"https:\/\/przedszkole125.edu.wroclaw.pl\/index.php\/oferta-edukacyjna\/wyposazenie\/","title":{"rendered":"Wyposa\u017cenie"},"content":{"rendered":"<div class=\"wpb-content-wrapper\"><p>[vc_row][vc_column][vc_column_text css=&#8221;&#8221;]<\/p>\n<h2 data-fontsize=\"18\"><span style=\"font-size: 14pt;\"><strong>Plac\u00f3wka posiada:<\/strong><\/span><\/h2>\n<ul>\n<li><span style=\"font-size: 14pt;\">Sze\u015b\u0107 sal dydaktycznych wyposa\u017conych w atestowane, nowoczesne meble dostosowane\u00a0 do wzrostu dzieci i do w\u0142a\u015bciwego u\u0142o\u017cenia na nich pomocy.<\/span><\/li>\n<li><span style=\"font-size: 14pt;\">Sal\u0119 gimnastyczno \u2013 rytmiczn\u0105 s\u0142u\u017c\u0105c\u0105 do organizacji zaj\u0119\u0107 i zabaw ruchowych, muzycznych, teatralnych, uroczysto\u015bci oraz koncert\u00f3w.<\/span><\/li>\n<li><span style=\"font-size: 14pt;\">Gabinet terapii logopedycznej.<\/span><\/li>\n<li><span style=\"font-size: 14pt;\">Gabinet psychologa.<\/span><\/li>\n<li><span style=\"font-size: 14pt;\">Trzy gabinety do terapii indywidualnej.<\/span><\/li>\n<li><span style=\"font-size: 14pt;\">Sal\u0119 Do\u015bwiadczania \u015awiata.<\/span><\/li>\n<li><span style=\"font-size: 14pt;\">Gabinet do arteterapii.<\/span><\/li>\n<li><span style=\"font-size: 14pt;\">Bibliotek\u0119 przedszkoln\u0105 dost\u0119pn\u0105 r\u00f3wnie\u017c dla rodzic\u00f3w naszych wychowank\u00f3w.<\/span><\/li>\n<li><span style=\"font-size: 14pt;\">Wind\u0119 i podjazd dla dzieci ze specjalnymi potrzebami.<\/span><\/li>\n<li><span style=\"font-size: 14pt;\">Zaplecze kuchenne, sanitarne i administracyjne.<\/span><\/li>\n<\/ul>\n<p data-fontsize=\"16\"><span style=\"font-size: 14pt;\">Wszystkie sale przedszkolne posiadaj\u0105 zestawy pomocy dydaktycznych: gier, planszy, zabawek, klock\u00f3w i innych. W salach zorganizowane s\u0105 k\u0105ciki tematyczne i sta\u0142e np. k\u0105cik do obserwacji przyrodniczych, k\u0105cik czytelniczy. Nasze przedszkole systematycznie wzbogaca swoj\u0105 baz\u0119 lokalow\u0105. Doposa\u017camy\u00a0 gabinety terapeutyczne w specjalistyczny sprz\u0119t.<\/span><\/p>\n<p>[\/vc_column_text][\/vc_column][\/vc_row]<\/p>\n<\/div>","protected":false},"excerpt":{"rendered":"<p>[vc_row][vc_column][vc_column_text css=&#8221;&#8221;] Plac\u00f3wka posiada: Sze\u015b\u0107 sal dydaktycznych wyposa\u017conych w atestowane, nowoczesne meble dostosowane\u00a0 do wzrostu dzieci i do w\u0142a\u015bciwego u\u0142o\u017cenia na nich pomocy. Sal\u0119 gimnastyczno \u2013 rytmiczn\u0105 s\u0142u\u017c\u0105c\u0105 do organizacji [&hellip;]<\/p>\n","protected":false},"author":72,"featured_media":0,"parent":21,"menu_order":0,"comment_status":"closed","ping_status":"closed","template":"","meta":{"footnotes":""},"class_list":["post-280","page","type-page","status-publish","hentry","clearfix"],"_links":{"self":[{"href":"https:\/\/przedszkole125.edu.wroclaw.pl\/index.php\/wp-json\/wp\/v2\/pages\/280","targetHints":{"allow":["GET"]}}],"collection":[{"href":"https:\/\/przedszkole125.edu.wroclaw.pl\/index.php\/wp-json\/wp\/v2\/pages"}],"about":[{"href":"https:\/\/przedszkole125.edu.wroclaw.pl\/index.php\/wp-json\/wp\/v2\/types\/page"}],"author":[{"embeddable":true,"href":"https:\/\/przedszkole125.edu.wroclaw.pl\/index.php\/wp-json\/wp\/v2\/users\/72"}],"replies":[{"embeddable":true,"href":"https:\/\/przedszkole125.edu.wroclaw.pl\/index.php\/wp-json\/wp\/v2\/comments?post=280"}],"version-history":[{"count":3,"href":"https:\/\/przedszkole125.edu.wroclaw.pl\/index.php\/wp-json\/wp\/v2\/pages\/280\/revisions"}],"predecessor-version":[{"id":1161,"href":"https:\/\/przedszkole125.edu.wroclaw.pl\/index.php\/wp-json\/wp\/v2\/pages\/280\/revisions\/1161"}],"up":[{"embeddable":true,"href":"https:\/\/przedszkole125.edu.wroclaw.pl\/index.php\/wp-json\/wp\/v2\/pages\/21"}],"wp:attachment":[{"href":"https:\/\/przedszkole125.edu.wroclaw.pl\/index.php\/wp-json\/wp\/v2\/media?parent=280"}],"curies":[{"name":"wp","href":"https:\/\/api.w.org\/{rel}","templated":true}]}}