


{"id":277,"date":"2023-07-10T13:15:46","date_gmt":"2023-07-10T11:15:46","guid":{"rendered":"https:\/\/przedszkole125.edu.wroclaw.pl\/?page_id=277"},"modified":"2024-07-08T15:09:38","modified_gmt":"2024-07-08T13:09:38","slug":"zajecia","status":"publish","type":"page","link":"https:\/\/przedszkole125.edu.wroclaw.pl\/index.php\/oferta-edukacyjna\/zajecia\/","title":{"rendered":"Zaj\u0119cia"},"content":{"rendered":"<div class=\"wpb-content-wrapper\"><p>[vc_row][vc_column][vc_column_text css=&#8221;&#8221;]<\/p>\n<div class=\"entry-content\">\n<h2><span style=\"font-size: 14pt;\"><strong>Dla wszystkich dzieci prowadzone s\u0105 zaj\u0119cia:<\/strong><\/span><\/h2>\n<p><img loading=\"lazy\" decoding=\"async\" class=\"size-full wp-image-278 alignright\" src=\"https:\/\/przedszkole125.edu.wroclaw.pl\/wp-content\/uploads\/sites\/78\/2023\/07\/poprawione-300x257-1.png\" alt=\"&quot;&quot;\" width=\"300\" height=\"257\" \/><\/p>\n<ul>\n<li><span style=\"font-size: 14pt;\">gimnastyka korekcyjna<\/span><\/li>\n<li><span style=\"font-size: 14pt;\">rytmika i muzykoterapia<\/span><\/li>\n<li><span style=\"font-size: 14pt;\">plastyka i arteterapia<\/span><\/li>\n<li><span style=\"font-size: 14pt;\">j\u0119zyk angielski<\/span><\/li>\n<li><span style=\"font-size: 14pt;\">zaj\u0119cia og\u00f3lnorozwojowe<\/span><\/li>\n<li><span style=\"font-size: 14pt;\">religia<\/span><\/li>\n<li><span style=\"font-size: 14pt;\">karate<\/span><\/li>\n<\/ul>\n<p data-fontsize=\"16\"><span style=\"font-size: 14pt;\"><strong>Zaj\u0119cia dodatkowe, odp\u0142atne:<\/strong><\/span><\/p>\n<ul>\n<li><span style=\"font-size: 14pt;\">taniec<\/span><\/li>\n<li><span style=\"font-size: 14pt;\">basen (w pobliskiej szkole)<\/span><\/li>\n<li><span style=\"font-size: 14pt;\">pi\u0142ka\u00a0no\u017cna<\/span><\/li>\n<li><span style=\"font-size: 14pt;\">ceramika i arteterapia<\/span><\/li>\n<li><span style=\"font-size: 14pt;\">tenis<\/span><\/li>\n<li><span style=\"font-size: 14pt;\">j\u0119zyk angielski<\/span><\/li>\n<\/ul>\n<\/div>\n<p>[\/vc_column_text][\/vc_column][\/vc_row]<\/p>\n<\/div>","protected":false},"excerpt":{"rendered":"<p>[vc_row][vc_column][vc_column_text css=&#8221;&#8221;] Dla wszystkich dzieci prowadzone s\u0105 zaj\u0119cia: gimnastyka korekcyjna rytmika i muzykoterapia plastyka i arteterapia j\u0119zyk angielski zaj\u0119cia og\u00f3lnorozwojowe religia karate Zaj\u0119cia dodatkowe, odp\u0142atne: taniec basen (w pobliskiej szkole) [&hellip;]<\/p>\n","protected":false},"author":72,"featured_media":0,"parent":21,"menu_order":0,"comment_status":"closed","ping_status":"closed","template":"","meta":{"footnotes":""},"class_list":["post-277","page","type-page","status-publish","hentry","clearfix"],"_links":{"self":[{"href":"https:\/\/przedszkole125.edu.wroclaw.pl\/index.php\/wp-json\/wp\/v2\/pages\/277","targetHints":{"allow":["GET"]}}],"collection":[{"href":"https:\/\/przedszkole125.edu.wroclaw.pl\/index.php\/wp-json\/wp\/v2\/pages"}],"about":[{"href":"https:\/\/przedszkole125.edu.wroclaw.pl\/index.php\/wp-json\/wp\/v2\/types\/page"}],"author":[{"embeddable":true,"href":"https:\/\/przedszkole125.edu.wroclaw.pl\/index.php\/wp-json\/wp\/v2\/users\/72"}],"replies":[{"embeddable":true,"href":"https:\/\/przedszkole125.edu.wroclaw.pl\/index.php\/wp-json\/wp\/v2\/comments?post=277"}],"version-history":[{"count":4,"href":"https:\/\/przedszkole125.edu.wroclaw.pl\/index.php\/wp-json\/wp\/v2\/pages\/277\/revisions"}],"predecessor-version":[{"id":1164,"href":"https:\/\/przedszkole125.edu.wroclaw.pl\/index.php\/wp-json\/wp\/v2\/pages\/277\/revisions\/1164"}],"up":[{"embeddable":true,"href":"https:\/\/przedszkole125.edu.wroclaw.pl\/index.php\/wp-json\/wp\/v2\/pages\/21"}],"wp:attachment":[{"href":"https:\/\/przedszkole125.edu.wroclaw.pl\/index.php\/wp-json\/wp\/v2\/media?parent=277"}],"curies":[{"name":"wp","href":"https:\/\/api.w.org\/{rel}","templated":true}]}}