


{"id":265,"date":"2023-07-10T12:27:36","date_gmt":"2023-07-10T10:27:36","guid":{"rendered":"https:\/\/przedszkole125.edu.wroclaw.pl\/?page_id=265"},"modified":"2023-09-18T20:53:10","modified_gmt":"2023-09-18T18:53:10","slug":"ramowy-plan-dnia","status":"publish","type":"page","link":"https:\/\/przedszkole125.edu.wroclaw.pl\/index.php\/oferta-edukacyjna\/ramowy-plan-dnia\/","title":{"rendered":"Ramowy plan dnia"},"content":{"rendered":"<div class=\"wpb-content-wrapper\"><p>[vc_row][vc_column][vc_column_text]<\/p>\n<figure id=\"attachment_268\" aria-describedby=\"caption-attachment-268\" style=\"width: 300px\" class=\"wp-caption alignright\"><img loading=\"lazy\" decoding=\"async\" class=\"wp-image-268 size-full\" src=\"https:\/\/przedszkole125.edu.wroclaw.pl\/wp-content\/uploads\/sites\/78\/2023\/07\/zegar.jpg\" alt=\"dzieci trzymaj\u0105ce tarcz\u0119 zegara\" width=\"300\" height=\"215\" \/><figcaption id=\"caption-attachment-268\" class=\"wp-caption-text\">autor: brgfx (https:\/\/pl.freepik.com\/autor\/brgfx)<\/figcaption><\/figure>\n<h2 data-fontsize=\"16\"><span style=\"font-size: 14pt\"><strong>GODZINY OTWARCIA PRZEDSZKOLA:<\/strong><\/span><\/h2>\n<p data-fontsize=\"16\"><span style=\"font-size: 14pt;color: #003366\"><strong>od poniedzia\u0142ku do pi\u0105tku w godzinach 6.00-17.00<\/strong><\/span><\/p>\n<p data-fontsize=\"16\"><span style=\"font-size: 14pt\"><strong>Co robimy ka\u017cdego dnia w przedszkolu?<\/strong><\/span><\/p>\n<p>[\/vc_column_text][vc_empty_space][vc_column_text]<\/p>\n<p data-fontsize=\"16\"><span style=\"font-size: 14pt\"><strong>6.00 \u2013 8.00<\/strong><\/span><\/p>\n<ul>\n<li><span style=\"font-size: 14pt\">Przyjmowanie dzieci do plac\u00f3wki<\/span><\/li>\n<li><span style=\"font-size: 14pt\">Zabawy swobodne w sali wed\u0142ug zainteresowa\u0144 dzieci \u2013 indywidualne lub w zespo\u0142ach: zabawy konstrukcyjne, manipulacyjne, tematyczne, plastyczne, gry stolikowe<\/span><\/li>\n<li><span style=\"font-size: 14pt\">Zabawy kierowane przez nauczyciela: ruchowe ze \u015bpiewem i muzyk\u0105, integracyjne<\/span><\/li>\n<li><span style=\"font-size: 14pt\">Indywidualna praca z dzieckiem<\/span><\/li>\n<\/ul>\n<p>[\/vc_column_text][vc_column_text]<\/p>\n<p data-fontsize=\"16\"><span style=\"font-size: 14pt\"><strong>6.00 \u2013 8.00<\/strong><\/span><\/p>\n<ul>\n<li><span style=\"font-size: 14pt\">Przyjmowanie dzieci do plac\u00f3wki<\/span><\/li>\n<li><span style=\"font-size: 14pt\">Zabawy swobodne w sali wed\u0142ug zainteresowa\u0144 dzieci \u2013 indywidualne lub w zespo\u0142ach: zabawy konstrukcyjne, manipulacyjne, tematyczne, plastyczne, gry stolikowe<\/span><\/li>\n<li><span style=\"font-size: 14pt\">Zabawy kierowane przez nauczyciela: ruchowe ze \u015bpiewem i muzyk\u0105, integracyjne<\/span><\/li>\n<li><span style=\"font-size: 14pt\">Indywidualna praca z dzieckiem<\/span><\/li>\n<\/ul>\n<p data-fontsize=\"16\"><span style=\"font-size: 14pt\"><strong>8.00 \u2013 8.30<\/strong><\/span><\/p>\n<ul>\n<li><span style=\"font-size: 14pt\">\u0106wiczenia poranne<\/span><\/li>\n<li><span style=\"font-size: 14pt\">Przygotowanie do \u015bniadania \u2013\u00a0czynno\u015bci samoobs\u0142ugowe, zabiegi higieniczne<\/span><\/li>\n<\/ul>\n<p data-fontsize=\"16\"><span style=\"font-size: 14pt\"><strong>8.30 \u2013 9.00<\/strong><\/span><\/p>\n<ul>\n<li><span style=\"font-size: 14pt\"><strong>\u015aniadanie<\/strong><\/span><\/li>\n<li><span style=\"font-size: 14pt\">Czynno\u015bci porz\u0105dkowe, zabiegi higieniczne<\/span><\/li>\n<\/ul>\n<p data-fontsize=\"16\"><span style=\"font-size: 14pt\"><strong>9.00 \u2013 11.15<\/strong><\/span><\/p>\n<ul>\n<li><span style=\"font-size: 14pt\">Zaj\u0119cia dydaktyczne: aktywno\u015b\u0107 j\u0119zykowa, matematyczna, przyrodnicza, muzyczna, plastyczna, ruchowa, spo\u0142eczna<\/span><\/li>\n<li><span style=\"font-size: 14pt\">Pobyt na powietrzu: gry i zabawy ruchowe swobodne lub pod kierunkiem nauczyciela z wykorzystaniem sprz\u0119tu sportowo \u2013 rekreacyjnego, obserwacje przyrodnicze, spacery, wycieczki<\/span><\/li>\n<li><span style=\"font-size: 14pt\">Zabawy swobodne w sali wed\u0142ug zainteresowa\u0144 dzieci \u2013 indywidualne lub w zespo\u0142ach: zabawy konstrukcyjne, manipulacyjne, tematyczne, plastyczne, gry stolikowe<\/span><\/li>\n<li><span style=\"font-size: 14pt\">Zaj\u0119cia korekcyjno \u2013 kompensacyjne ze specjalistami, indywidualne lub w ma\u0142ych grupach<\/span><\/li>\n<li><span style=\"font-size: 14pt\">Zaj\u0119cia dodatkowe<\/span><\/li>\n<\/ul>\n<p data-fontsize=\"16\"><span style=\"font-size: 14pt\"><strong>11.30 \u2013 11.45<\/strong><\/span><\/p>\n<ul>\n<li><span style=\"font-size: 14pt\">Przygotowanie do obiadu \u2013 czynno\u015bci samoobs\u0142ugowe, zabiegi higieniczne<\/span><\/li>\n<\/ul>\n<p data-fontsize=\"16\"><span style=\"font-size: 14pt\"><strong>11.45 \u2013 12.00<\/strong><\/span><\/p>\n<ul>\n<li><span style=\"font-size: 14pt\"><strong>Obiad\u00a0<\/strong><\/span><\/li>\n<li><span style=\"font-size: 14pt\">Czynno\u015bci porz\u0105dkowe, zabiegi higieniczne<\/span><\/li>\n<\/ul>\n<p data-fontsize=\"16\"><span style=\"font-size: 14pt\"><strong>12.00 \u2013 13.45<\/strong><\/span><\/p>\n<ul>\n<li><span style=\"font-size: 14pt\">Odpoczynek poobiedni: drzemka (maluszki), relaksacja, s\u0142uchanie muzyki, literatury dzieci\u0119cej<\/span><\/li>\n<li><span style=\"font-size: 14pt\">Zabawy w sali kierowane przez nauczyciela lub wed\u0142ug w\u0142asnych zainteresowa\u0144 dzieci<\/span><\/li>\n<li><span style=\"font-size: 14pt\">Zaj\u0119cia korekcyjno \u2013 kompensacyjne ze specjalistami, indywidualne lub w ma\u0142ych grupach<\/span><\/li>\n<li><span style=\"font-size: 14pt\">Zaj\u0119cia dodatkowe<\/span><\/li>\n<li><span style=\"font-size: 14pt\">Pobyt na powietrzu: gry i zabawy ruchowe swobodne lub pod kierunkiem nauczyciela z wykorzystaniem sprz\u0119tu sportowo \u2013 rekreacyjnego, obserwacje przyrodnicze, spacery, wycieczki<\/span><\/li>\n<\/ul>\n<p data-fontsize=\"16\"><span style=\"font-size: 14pt\"><strong>13.45 \u2013 14.00<\/strong><\/span><\/p>\n<ul>\n<li><span style=\"font-size: 14pt\">Przygotowanie do podwieczorku \u2013 czynno\u015bci samoobs\u0142ugowe, zabiegi higieniczne<\/span><\/li>\n<\/ul>\n<p data-fontsize=\"16\"><span style=\"font-size: 14pt\"><strong>14.00 \u2013 14.30\u00a0<\/strong><\/span><\/p>\n<ul>\n<li><span style=\"font-size: 14pt\"><strong>Podwieczorek\u00a0<\/strong><\/span><\/li>\n<li><span style=\"font-size: 14pt\">Czynno\u015bci porz\u0105dkowe, zabiegi higieniczne<\/span><\/li>\n<\/ul>\n<p data-fontsize=\"16\"><span style=\"font-size: 14pt\"><strong>14.30 \u2013 17.00<\/strong><\/span><\/p>\n<ul>\n<li><span style=\"font-size: 14pt\">Zabawy swobodne w sali wed\u0142ug zainteresowa\u0144 dzieci \u2013 indywidualne lub w zespo\u0142ach: zabawy konstrukcyjne, manipulacyjne, tematyczne, plastyczne, gry stolikowe<\/span><\/li>\n<li><span style=\"font-size: 14pt\">Zabawy prowadzone pod kierunkiem nauczyciela: dydaktyczne, badawcze, utrwalanie poznanych wierszy i piosenek, gry dydaktyczne<\/span><\/li>\n<\/ul>\n<p>[\/vc_column_text][\/vc_column][\/vc_row]<\/p>\n<\/div>","protected":false},"excerpt":{"rendered":"<p>[vc_row][vc_column][vc_column_text] GODZINY OTWARCIA PRZEDSZKOLA: od poniedzia\u0142ku do pi\u0105tku w godzinach 6.00-17.00 Co robimy ka\u017cdego dnia w przedszkolu? [\/vc_column_text][vc_empty_space][vc_column_text] 6.00 \u2013 8.00 Przyjmowanie dzieci do plac\u00f3wki Zabawy swobodne w sali wed\u0142ug [&hellip;]<\/p>\n","protected":false},"author":72,"featured_media":0,"parent":21,"menu_order":0,"comment_status":"closed","ping_status":"closed","template":"","meta":{"footnotes":""},"class_list":["post-265","page","type-page","status-publish","hentry","clearfix"],"_links":{"self":[{"href":"https:\/\/przedszkole125.edu.wroclaw.pl\/index.php\/wp-json\/wp\/v2\/pages\/265","targetHints":{"allow":["GET"]}}],"collection":[{"href":"https:\/\/przedszkole125.edu.wroclaw.pl\/index.php\/wp-json\/wp\/v2\/pages"}],"about":[{"href":"https:\/\/przedszkole125.edu.wroclaw.pl\/index.php\/wp-json\/wp\/v2\/types\/page"}],"author":[{"embeddable":true,"href":"https:\/\/przedszkole125.edu.wroclaw.pl\/index.php\/wp-json\/wp\/v2\/users\/72"}],"replies":[{"embeddable":true,"href":"https:\/\/przedszkole125.edu.wroclaw.pl\/index.php\/wp-json\/wp\/v2\/comments?post=265"}],"version-history":[{"count":13,"href":"https:\/\/przedszkole125.edu.wroclaw.pl\/index.php\/wp-json\/wp\/v2\/pages\/265\/revisions"}],"predecessor-version":[{"id":593,"href":"https:\/\/przedszkole125.edu.wroclaw.pl\/index.php\/wp-json\/wp\/v2\/pages\/265\/revisions\/593"}],"up":[{"embeddable":true,"href":"https:\/\/przedszkole125.edu.wroclaw.pl\/index.php\/wp-json\/wp\/v2\/pages\/21"}],"wp:attachment":[{"href":"https:\/\/przedszkole125.edu.wroclaw.pl\/index.php\/wp-json\/wp\/v2\/media?parent=265"}],"curies":[{"name":"wp","href":"https:\/\/api.w.org\/{rel}","templated":true}]}}