


{"id":25,"date":"2023-06-16T13:06:12","date_gmt":"2023-06-16T11:06:12","guid":{"rendered":"https:\/\/przedszkole125.edu.wroclaw.pl\/?page_id=25"},"modified":"2024-07-08T11:58:01","modified_gmt":"2024-07-08T09:58:01","slug":"klub-szkol-unicef","status":"publish","type":"page","link":"https:\/\/przedszkole125.edu.wroclaw.pl\/index.php\/klub-szkol-unicef\/","title":{"rendered":"Klub szk\u00f3\u0142 UNICEF"},"content":{"rendered":"<div class=\"wpb-content-wrapper\"><p>[vc_row][vc_column][vc_column_text css=&#8221;&#8221;]<\/p>\n<h2><span style=\"font-size: 14pt;\">Mi\u0142o nam poinformowa\u0107, \u017ce<strong> Przedszkole Integracyjne Nr 125 im. Janusza Korczaka <\/strong>do\u0142\u0105czy\u0142o do elitarnego<strong> Klubu Szk\u00f3\u0142 UNICEF.<\/strong><\/span><\/h2>\n<p data-fontsize=\"16\"><span style=\"font-size: 14pt;\"><strong>Klub Szk\u00f3\u0142 UNICEF <\/strong>to wyj\u0105tkowa spo\u0142eczno\u015b\u0107 plac\u00f3wek edukacyjnych, dla kt\u00f3rych prawa dziecka stanowi\u0105 drogowskaz w codziennej pracy dydaktycznej i wychowawczej. To inicjatywa edukacyjna, kt\u00f3ra zrzesza plac\u00f3wki zainteresowane propagowaniem w\u015br\u00f3d swoich podopiecznych idei niesienia pomocy najbardziej potrzebuj\u0105cym dzieciom na \u015bwiecie.<\/span><\/p>\n<p><span style=\"font-size: 14pt;\">Plac\u00f3wki nale\u017c\u0105ce do Klubu nie tylko uczestnicz\u0105 w akcjach edukacyjnych przygotowywanych przez UNICEF, ale przede wszystkim dzia\u0142aj\u0105 aktywnie na polu promocji i realizacji praw dziecka.<\/span><br \/>\n<span style=\"font-size: 14pt;\">Koordynatorem dzia\u0142a\u0144 Klubu Szk\u00f3\u0142 UNICEF w naszym przedszkolu jest pani Beata Suryga\u0142a.<\/span>[\/vc_column_text][\/vc_column][\/vc_row][vc_row][vc_column][vc_single_image image=&#8221;59&#8243; img_size=&#8221;large&#8221; alignment=&#8221;center&#8221;][\/vc_column][\/vc_row]<\/p>\n<\/div>","protected":false},"excerpt":{"rendered":"<p>[vc_row][vc_column][vc_column_text css=&#8221;&#8221;] Mi\u0142o nam poinformowa\u0107, \u017ce Przedszkole Integracyjne Nr 125 im. Janusza Korczaka do\u0142\u0105czy\u0142o do elitarnego Klubu Szk\u00f3\u0142 UNICEF. Klub Szk\u00f3\u0142 UNICEF to wyj\u0105tkowa spo\u0142eczno\u015b\u0107 plac\u00f3wek edukacyjnych, dla kt\u00f3rych prawa [&hellip;]<\/p>\n","protected":false},"author":72,"featured_media":0,"parent":0,"menu_order":0,"comment_status":"closed","ping_status":"closed","template":"","meta":{"footnotes":""},"class_list":["post-25","page","type-page","status-publish","hentry","clearfix"],"_links":{"self":[{"href":"https:\/\/przedszkole125.edu.wroclaw.pl\/index.php\/wp-json\/wp\/v2\/pages\/25","targetHints":{"allow":["GET"]}}],"collection":[{"href":"https:\/\/przedszkole125.edu.wroclaw.pl\/index.php\/wp-json\/wp\/v2\/pages"}],"about":[{"href":"https:\/\/przedszkole125.edu.wroclaw.pl\/index.php\/wp-json\/wp\/v2\/types\/page"}],"author":[{"embeddable":true,"href":"https:\/\/przedszkole125.edu.wroclaw.pl\/index.php\/wp-json\/wp\/v2\/users\/72"}],"replies":[{"embeddable":true,"href":"https:\/\/przedszkole125.edu.wroclaw.pl\/index.php\/wp-json\/wp\/v2\/comments?post=25"}],"version-history":[{"count":7,"href":"https:\/\/przedszkole125.edu.wroclaw.pl\/index.php\/wp-json\/wp\/v2\/pages\/25\/revisions"}],"predecessor-version":[{"id":1132,"href":"https:\/\/przedszkole125.edu.wroclaw.pl\/index.php\/wp-json\/wp\/v2\/pages\/25\/revisions\/1132"}],"wp:attachment":[{"href":"https:\/\/przedszkole125.edu.wroclaw.pl\/index.php\/wp-json\/wp\/v2\/media?parent=25"}],"curies":[{"name":"wp","href":"https:\/\/api.w.org\/{rel}","templated":true}]}}