


{"id":246,"date":"2023-07-10T12:22:44","date_gmt":"2023-07-10T10:22:44","guid":{"rendered":"https:\/\/przedszkole125.edu.wroclaw.pl\/?page_id=246"},"modified":"2025-09-20T18:23:00","modified_gmt":"2025-09-20T16:23:00","slug":"grupa-5","status":"publish","type":"page","link":"https:\/\/przedszkole125.edu.wroclaw.pl\/index.php\/grupa-5\/","title":{"rendered":"Grupa 5"},"content":{"rendered":"<div class=\"wpb-content-wrapper\"><p>[vc_row][vc_column][vc_column_text css=&#8221;&#8221;]<\/p>\n<h2><span style=\"font-size: 12pt;font-family: arial, helvetica, sans-serif\"><strong>Nauczycielki grupy: mgr Anna Maciejczyk, mgr Sylwia Pawi\u0142oj\u0107- Sidor<\/strong><\/span><\/h2>\n<p><span style=\"font-size: 12pt;font-family: arial, helvetica, sans-serif\"><strong>Pedagog: mgr Aleksandra Struzik<\/strong><\/span><\/p>\n<p><span style=\"font-family: arial, helvetica, sans-serif;font-size: 12pt\"><em><strong>Tygodniowy rozk\u0142ad zaj\u0119\u0107:<\/strong><\/em><\/span><\/p>\n<p><span style=\"font-size: 12pt;font-family: arial, helvetica, sans-serif\"><strong>Poniedzia\u0142ek: <\/strong><br \/>\n<\/span><\/p>\n<p><span style=\"font-size: 12pt;font-family: arial, helvetica, sans-serif\"><strong>Wtorek: <\/strong><br \/>\n<\/span><\/p>\n<p><span style=\"font-size: 12pt;font-family: arial, helvetica, sans-serif\"><strong>\u015aroda: <\/strong><br \/>\n<\/span><\/p>\n<p><span style=\"font-size: 12pt;font-family: arial, helvetica, sans-serif\"><strong>Czwartek: <\/strong><br \/>\n<\/span><\/p>\n<p><span style=\"font-size: 12pt;font-family: arial, helvetica, sans-serif\"><strong>Pi\u0105tek:<\/strong><br \/>\n<\/span><\/p>\n<p><span style=\"font-family: arial, helvetica, sans-serif;font-size: 12pt\"><strong><em>Zaj\u0119cia dodatkowe, p\u0142atne:<\/em><\/strong><\/span><\/p>\n<p><span style=\"font-family: arial, helvetica, sans-serif;font-size: 12pt\"><strong>poniedzia\u0142ek<\/strong>:<\/span><\/p>\n<p><span style=\"font-family: arial, helvetica, sans-serif;font-size: 12pt\"><strong>wtorek<\/strong>:<br \/>\n<\/span><\/p>\n<p><span style=\"font-family: arial, helvetica, sans-serif;font-size: 12pt\"><strong>\u015broda:<\/strong> <\/span><span style=\"font-family: arial, helvetica, sans-serif;font-size: 12pt\"><br \/>\n<\/span><\/p>\n<p><span style=\"font-family: arial, helvetica, sans-serif;font-size: 12pt\"><strong>czwartek:<\/strong><\/span>[\/vc_column_text][\/vc_column][\/vc_row]<\/p>\n<\/div>","protected":false},"excerpt":{"rendered":"<p>[vc_row][vc_column][vc_column_text css=&#8221;&#8221;] Nauczycielki grupy: mgr Anna Maciejczyk, mgr Sylwia Pawi\u0142oj\u0107- Sidor Pedagog: mgr Aleksandra Struzik Tygodniowy rozk\u0142ad zaj\u0119\u0107: Poniedzia\u0142ek: Wtorek: \u015aroda: Czwartek: Pi\u0105tek: Zaj\u0119cia dodatkowe, p\u0142atne: poniedzia\u0142ek: wtorek: \u015broda: czwartek:[\/vc_column_text][\/vc_column][\/vc_row]<\/p>\n","protected":false},"author":72,"featured_media":0,"parent":0,"menu_order":0,"comment_status":"closed","ping_status":"closed","template":"","meta":{"footnotes":""},"class_list":["post-246","page","type-page","status-publish","hentry","clearfix"],"_links":{"self":[{"href":"https:\/\/przedszkole125.edu.wroclaw.pl\/index.php\/wp-json\/wp\/v2\/pages\/246","targetHints":{"allow":["GET"]}}],"collection":[{"href":"https:\/\/przedszkole125.edu.wroclaw.pl\/index.php\/wp-json\/wp\/v2\/pages"}],"about":[{"href":"https:\/\/przedszkole125.edu.wroclaw.pl\/index.php\/wp-json\/wp\/v2\/types\/page"}],"author":[{"embeddable":true,"href":"https:\/\/przedszkole125.edu.wroclaw.pl\/index.php\/wp-json\/wp\/v2\/users\/72"}],"replies":[{"embeddable":true,"href":"https:\/\/przedszkole125.edu.wroclaw.pl\/index.php\/wp-json\/wp\/v2\/comments?post=246"}],"version-history":[{"count":11,"href":"https:\/\/przedszkole125.edu.wroclaw.pl\/index.php\/wp-json\/wp\/v2\/pages\/246\/revisions"}],"predecessor-version":[{"id":1613,"href":"https:\/\/przedszkole125.edu.wroclaw.pl\/index.php\/wp-json\/wp\/v2\/pages\/246\/revisions\/1613"}],"wp:attachment":[{"href":"https:\/\/przedszkole125.edu.wroclaw.pl\/index.php\/wp-json\/wp\/v2\/media?parent=246"}],"curies":[{"name":"wp","href":"https:\/\/api.w.org\/{rel}","templated":true}]}}