


{"id":242,"date":"2023-07-10T12:21:07","date_gmt":"2023-07-10T10:21:07","guid":{"rendered":"https:\/\/przedszkole125.edu.wroclaw.pl\/?page_id=242"},"modified":"2025-09-20T18:24:30","modified_gmt":"2025-09-20T16:24:30","slug":"grupa-4","status":"publish","type":"page","link":"https:\/\/przedszkole125.edu.wroclaw.pl\/index.php\/grupa-4\/","title":{"rendered":"Grupa 4"},"content":{"rendered":"<div class=\"wpb-content-wrapper\"><p>[vc_row][vc_column][vc_column_text css=&#8221;&#8221;]<\/p>\n<h2><span style=\"font-size: 12pt;font-family: arial, helvetica, sans-serif\"><strong>Nauczycielki grupy: mgr Lidia Bandkowska, mgr Renata Strojec<\/strong><\/span><\/h2>\n<p><span style=\"font-size: 12pt;font-family: arial, helvetica, sans-serif\"><strong>Pedagog: mgr Lidia Bandkowska<\/strong><\/span><\/p>\n<p><em><span style=\"font-family: arial, helvetica, sans-serif;font-size: 12pt\"><strong>Tygodniowy plan zaj\u0119\u0107 :<\/strong><\/span><\/em><\/p>\n<p><span style=\"font-size: 12pt;font-family: arial, helvetica, sans-serif\"><strong>Poniedzia\u0142ek: <\/strong><br \/>\n<\/span><\/p>\n<p><span style=\"font-size: 12pt;font-family: arial, helvetica, sans-serif\"><strong>Wtorek: <\/strong><br \/>\n<\/span><\/p>\n<p><span style=\"font-size: 12pt;font-family: arial, helvetica, sans-serif\"><strong>\u015aroda: <\/strong><br \/>\n<\/span><\/p>\n<p><span style=\"font-size: 12pt;font-family: arial, helvetica, sans-serif\"><strong>Czwartek: <\/strong><br \/>\n<\/span><\/p>\n<p><span style=\"font-size: 12pt;font-family: arial, helvetica, sans-serif\"><strong>Pi\u0105tek:<\/strong><\/span><\/p>\n<p><span style=\"font-family: arial, helvetica, sans-serif;font-size: 12pt\"><strong><em>Zaj\u0119cia dodatkowe, p\u0142atne:<\/em><\/strong><\/span><\/p>\n<p><span style=\"font-family: arial, helvetica, sans-serif;font-size: 12pt\"><strong>poniedzia\u0142ek:<\/strong>\u00a0<\/span><\/p>\n<p><span style=\"font-family: arial, helvetica, sans-serif;font-size: 12pt\"><strong>wtorek<\/strong>:<br \/>\n<\/span><\/p>\n<p><span style=\"font-family: arial, helvetica, sans-serif;font-size: 12pt\"><strong>\u015broda:<\/strong> <\/span><span style=\"font-family: arial, helvetica, sans-serif;font-size: 12pt\"><br \/>\n<\/span><\/p>\n<p><span style=\"font-family: arial, helvetica, sans-serif;font-size: 12pt\"><strong>czwartek:<\/strong><\/span>[\/vc_column_text][\/vc_column][\/vc_row]<\/p>\n<\/div>","protected":false},"excerpt":{"rendered":"<p>[vc_row][vc_column][vc_column_text css=&#8221;&#8221;] Nauczycielki grupy: mgr Lidia Bandkowska, mgr Renata Strojec Pedagog: mgr Lidia Bandkowska Tygodniowy plan zaj\u0119\u0107 : Poniedzia\u0142ek: Wtorek: \u015aroda: Czwartek: Pi\u0105tek: Zaj\u0119cia dodatkowe, p\u0142atne: poniedzia\u0142ek:\u00a0 wtorek: \u015broda: czwartek:[\/vc_column_text][\/vc_column][\/vc_row]<\/p>\n","protected":false},"author":72,"featured_media":0,"parent":0,"menu_order":0,"comment_status":"closed","ping_status":"closed","template":"","meta":{"footnotes":""},"class_list":["post-242","page","type-page","status-publish","hentry","clearfix"],"_links":{"self":[{"href":"https:\/\/przedszkole125.edu.wroclaw.pl\/index.php\/wp-json\/wp\/v2\/pages\/242","targetHints":{"allow":["GET"]}}],"collection":[{"href":"https:\/\/przedszkole125.edu.wroclaw.pl\/index.php\/wp-json\/wp\/v2\/pages"}],"about":[{"href":"https:\/\/przedszkole125.edu.wroclaw.pl\/index.php\/wp-json\/wp\/v2\/types\/page"}],"author":[{"embeddable":true,"href":"https:\/\/przedszkole125.edu.wroclaw.pl\/index.php\/wp-json\/wp\/v2\/users\/72"}],"replies":[{"embeddable":true,"href":"https:\/\/przedszkole125.edu.wroclaw.pl\/index.php\/wp-json\/wp\/v2\/comments?post=242"}],"version-history":[{"count":11,"href":"https:\/\/przedszkole125.edu.wroclaw.pl\/index.php\/wp-json\/wp\/v2\/pages\/242\/revisions"}],"predecessor-version":[{"id":1614,"href":"https:\/\/przedszkole125.edu.wroclaw.pl\/index.php\/wp-json\/wp\/v2\/pages\/242\/revisions\/1614"}],"wp:attachment":[{"href":"https:\/\/przedszkole125.edu.wroclaw.pl\/index.php\/wp-json\/wp\/v2\/media?parent=242"}],"curies":[{"name":"wp","href":"https:\/\/api.w.org\/{rel}","templated":true}]}}