


{"id":21,"date":"2023-06-16T13:05:25","date_gmt":"2023-06-16T11:05:25","guid":{"rendered":"https:\/\/przedszkole125.edu.wroclaw.pl\/?page_id=21"},"modified":"2024-07-08T15:01:39","modified_gmt":"2024-07-08T13:01:39","slug":"oferta-edukacyjna","status":"publish","type":"page","link":"https:\/\/przedszkole125.edu.wroclaw.pl\/index.php\/oferta-edukacyjna\/","title":{"rendered":"Oferta edukacyjna"},"content":{"rendered":"<div class=\"wpb-content-wrapper\"><p>[vc_row][vc_column][vc_column_text css=&#8221;&#8221;]<\/p>\n<h2><span style=\"font-size: 14pt;\">Realizujemy podstaw\u0119 programow\u0105 MEN, jak r\u00f3wnie\u017c projekt w\u0142asny:<\/span><\/h2>\n<p style=\"text-align: center;\"><strong><span style=\"font-size: 14pt;\">\u201eRozwijanie samo\u015bwiadomo\u015bci dziecka w relacjach ze \u015bwiatem\u201d<\/span><\/strong><\/p>\n<p><span style=\"font-size: 14pt;\">opracowany przez nauczycieli naszego przedszkola, kt\u00f3rego tre\u015bci oparte zosta\u0142y na naszych wieloletnich do\u015bwiadczeniach. Realizujemy r\u00f3wnie\u017c inne projekty w\u0142asne napisane przez nauczycieli.<\/span>[\/vc_column_text][\/vc_column][\/vc_row]<\/p>\n<\/div>","protected":false},"excerpt":{"rendered":"<p>[vc_row][vc_column][vc_column_text css=&#8221;&#8221;] Realizujemy podstaw\u0119 programow\u0105 MEN, jak r\u00f3wnie\u017c projekt w\u0142asny: \u201eRozwijanie samo\u015bwiadomo\u015bci dziecka w relacjach ze \u015bwiatem\u201d opracowany przez nauczycieli naszego przedszkola, kt\u00f3rego tre\u015bci oparte zosta\u0142y na naszych wieloletnich do\u015bwiadczeniach. [&hellip;]<\/p>\n","protected":false},"author":72,"featured_media":0,"parent":0,"menu_order":0,"comment_status":"closed","ping_status":"closed","template":"","meta":{"footnotes":""},"class_list":["post-21","page","type-page","status-publish","hentry","clearfix"],"_links":{"self":[{"href":"https:\/\/przedszkole125.edu.wroclaw.pl\/index.php\/wp-json\/wp\/v2\/pages\/21","targetHints":{"allow":["GET"]}}],"collection":[{"href":"https:\/\/przedszkole125.edu.wroclaw.pl\/index.php\/wp-json\/wp\/v2\/pages"}],"about":[{"href":"https:\/\/przedszkole125.edu.wroclaw.pl\/index.php\/wp-json\/wp\/v2\/types\/page"}],"author":[{"embeddable":true,"href":"https:\/\/przedszkole125.edu.wroclaw.pl\/index.php\/wp-json\/wp\/v2\/users\/72"}],"replies":[{"embeddable":true,"href":"https:\/\/przedszkole125.edu.wroclaw.pl\/index.php\/wp-json\/wp\/v2\/comments?post=21"}],"version-history":[{"count":3,"href":"https:\/\/przedszkole125.edu.wroclaw.pl\/index.php\/wp-json\/wp\/v2\/pages\/21\/revisions"}],"predecessor-version":[{"id":1160,"href":"https:\/\/przedszkole125.edu.wroclaw.pl\/index.php\/wp-json\/wp\/v2\/pages\/21\/revisions\/1160"}],"wp:attachment":[{"href":"https:\/\/przedszkole125.edu.wroclaw.pl\/index.php\/wp-json\/wp\/v2\/media?parent=21"}],"curies":[{"name":"wp","href":"https:\/\/api.w.org\/{rel}","templated":true}]}}