


{"id":188,"date":"2023-06-29T11:10:07","date_gmt":"2023-06-29T09:10:07","guid":{"rendered":"https:\/\/przedszkole125.edu.wroclaw.pl\/?page_id=188"},"modified":"2025-09-20T18:29:20","modified_gmt":"2025-09-20T16:29:20","slug":"grupa-1","status":"publish","type":"page","link":"https:\/\/przedszkole125.edu.wroclaw.pl\/index.php\/grupa-1\/","title":{"rendered":"Grupa 1"},"content":{"rendered":"<div class=\"wpb-content-wrapper\"><p>[vc_row][vc_column][vc_column_text css=&#8221;&#8221;]<\/p>\n<div style=\"text-align: center\">\u00a0<strong> MALUSZKI NA START<\/strong><\/div>\n<div><\/div>\n<div><strong>DRODZY RODZICE<\/strong><\/div>\n<div>Od wrze\u015bnia Wasze dziecko stanie si\u0119 PRZEDSZKOLAKIEM a Pa\u0144stwo staniecie RODZICAMI PRZEDSZKOLAKA.<\/div>\n<div>To du\u017ca zmiana. Jak si\u0119 do tego przygotowa\u0107?<\/div>\n<div><\/div>\n<div><em><strong>PO\u017bEGNANIE Z DZIECKIEM<\/strong><\/em><\/div>\n<p><em><strong>M\u00f3w prawd\u0119, dotrzymuj um\u00f3w:<\/strong><\/em><\/p>\n<ul>\n<li>powiedz &#8222;Wr\u00f3c\u0119 po zupie&#8221;, &#8222;Dzi\u015b odbierze Cie mama&#8221;- dziecko Ci ufa<\/li>\n<li style=\"text-align: left\">nie oszukuj &#8222;Id\u0119 do auta, zaraz wr\u00f3c\u0119&#8221;, nie uciekaj gdy dziecko zajmie si\u0119 zabaw\u0105<\/li>\n<\/ul>\n<p><strong><em>B\u0105d\u017a cierpliwy i wra\u017cliwy:<\/em><br \/>\n<\/strong><\/p>\n<ul>\n<li>rozmawiaj z dzieckiem, buduj pozytywne nastawienie, dawaj czas, du\u017co uwagi<\/li>\n<li>nie strasz &#8222;Jak nie wejdziesz do sali- zabieram misia&#8221;, nie dawaj kar ani nagr\u00f3d za p\u00f3j\u015bcie do przedszkola, za p\u0142acz<\/li>\n<\/ul>\n<p><em><strong>Wej\u015bcie do sali:<\/strong><\/em><\/p>\n<ul>\n<li>o w\u0142asnych nogach- niech dziecko chwyci nauczyciela za r\u0119k\u0119, wejdzie do sali<\/li>\n<li>nie wno\u015b dziecka na rekach do sali: zrywanie dziecka z r\u0105k rodzica to nic mi\u0142ego, ani dla dziecka, ani dla rodzica, ani dla nauczyciela<\/li>\n<\/ul>\n<p><em><strong>ZAUFANIE:<br \/>\n<\/strong>TWOJE DZIECKO JEST W DOBRYCH REKACH !<\/em><\/p>\n<p><strong>MAMUSIU, TATUSIU, W\u0141A\u015aNIE ZOSTA\u0141EM PRZEDSZKOLAKIEM!<\/strong><\/p>\n<ol>\n<li><strong>Potrzebuj\u0119 wygodnych ubranek<\/strong>&#8211; takich, w kt\u00f3rych b\u0119dzie mi wygodnie w zabawach oraz kt\u00f3re sam \u015bci\u0105gn\u0119 i ubior\u0119 po spaniu lub toalecie<\/li>\n<li><strong>Poprosz\u0119 te\u017c zestawy zapasowych ubranek <\/strong>(i bielizny) czekaj\u0105cych w szafeczce. Wiecie, czasem p\u0119dzel z farba nie trafi w kartk\u0119, a zupa udekoruje bluzk\u0119, czasem zgubie drog\u0119 do toalety lub zapomn\u0119 o niej \u015bwietnie si\u0119 bawi\u0105c<\/li>\n<li><strong>Lubi\u0119 podpisane ubranka i buciki- <\/strong>gdy zapomn\u0119 co do mnie nale\u017cy, pani pomo\u017ce mi odnale\u017a\u0107 moje zguby<\/li>\n<li><strong>Przydadz\u0105 mi si\u0119 wygodne kapcie<\/strong> ze sztywna podeszw\u0105 w dobrym rozmiarze, wygodne i chroni\u0105ce przed wywrotk\u0105- wiecie, czasem lubi\u0119 pobiega\u0107 z kolegami a w zbyt lu\u017anych kapciach \u0142atwo o wywrotk\u0119!<\/li>\n<li><strong>Przydadz\u0105 mi si\u0119 chusteczki<\/strong>&#8211; mokre i suche, w ko\u0144cu jestem eleganckim przedszkolakiem i musz\u0119 dba\u0107 o sw\u00f3j nosek<\/li>\n<li><strong>Mi\u0142o by\u0107 punktualnym<\/strong>&#8211; jetem jeszcze malutki i nie lubi\u0119 si\u0119 \u015bpieszy\u0107. Wyjd\u017amy z domu wcze\u015bniej, tak \u017ceby\u015bmy si\u0119 nie sp\u00f3\u017anili. Tyle zabaw czeka na mnie w przedszkolu.<\/li>\n<li><strong>Nie martwcie si\u0119! <\/strong>Jestem niew\u0105tpliwie niesamowici dzielnym brzd\u0105cem, ale mo\u017ce przytrafi\u0107 si\u0119 tak, \u017ce kilka \u0142ez pop\u0142ynie mi z oczu przy po\u017cegnaniu. Bez obaw, to normalne. W ko\u0144cu jestem jeszcze malutki.<\/li>\n<\/ol>\n<p>[\/vc_column_text][vc_gallery type=&#8221;image_grid&#8221; images=&#8221;1216,1215&#8243; img_size=&#8221;250&#215;350&#8243; css=&#8221;&#8221;][vc_column_text css=&#8221;&#8221;]<\/p>\n<h2><strong>Nauczycielki grupy<\/strong>: mgr Beata Suryga\u0142a, mgr Teresa Pompowska<\/h2>\n<p data-fontsize=\"16\"><strong>Pedagog: mgr Anna Urbaniak<\/strong><\/p>\n<p data-fontsize=\"16\"><strong><em>Tygodniowy rozk\u0142ad zaj\u0119\u0107<br \/>\n<\/em><\/strong><\/p>\n<p><strong>poniedzia\u0142ek<\/strong>:<br \/>\n<strong>wtorek: <\/strong><br \/>\n<strong>\u015broda: <\/strong><br \/>\n<strong>czwartek: <\/strong><br \/>\n<strong>pi\u0105tek:\u00a0<\/strong><\/p>\n<p><strong><em>Zaj\u0119cia dodatkowe, p\u0142atne:<\/em><\/strong><\/p>\n<p><strong>poniedzia\u0142ek<\/strong>:<br \/>\n<strong>wtorek<\/strong>:<br \/>\n<strong>\u015broda:<\/strong><br \/>\n<strong>czwartek:<\/strong>[\/vc_column_text][\/vc_column][\/vc_row]<\/p>\n<\/div>","protected":false},"excerpt":{"rendered":"<p>[vc_row][vc_column][vc_column_text css=&#8221;&#8221;] \u00a0 MALUSZKI NA START DRODZY RODZICE Od wrze\u015bnia Wasze dziecko stanie si\u0119 PRZEDSZKOLAKIEM a Pa\u0144stwo staniecie RODZICAMI PRZEDSZKOLAKA. To du\u017ca zmiana. Jak si\u0119 do tego przygotowa\u0107? PO\u017bEGNANIE Z [&hellip;]<\/p>\n","protected":false},"author":72,"featured_media":0,"parent":0,"menu_order":0,"comment_status":"closed","ping_status":"closed","template":"","meta":{"footnotes":""},"class_list":["post-188","page","type-page","status-publish","hentry","clearfix"],"_links":{"self":[{"href":"https:\/\/przedszkole125.edu.wroclaw.pl\/index.php\/wp-json\/wp\/v2\/pages\/188","targetHints":{"allow":["GET"]}}],"collection":[{"href":"https:\/\/przedszkole125.edu.wroclaw.pl\/index.php\/wp-json\/wp\/v2\/pages"}],"about":[{"href":"https:\/\/przedszkole125.edu.wroclaw.pl\/index.php\/wp-json\/wp\/v2\/types\/page"}],"author":[{"embeddable":true,"href":"https:\/\/przedszkole125.edu.wroclaw.pl\/index.php\/wp-json\/wp\/v2\/users\/72"}],"replies":[{"embeddable":true,"href":"https:\/\/przedszkole125.edu.wroclaw.pl\/index.php\/wp-json\/wp\/v2\/comments?post=188"}],"version-history":[{"count":19,"href":"https:\/\/przedszkole125.edu.wroclaw.pl\/index.php\/wp-json\/wp\/v2\/pages\/188\/revisions"}],"predecessor-version":[{"id":1617,"href":"https:\/\/przedszkole125.edu.wroclaw.pl\/index.php\/wp-json\/wp\/v2\/pages\/188\/revisions\/1617"}],"wp:attachment":[{"href":"https:\/\/przedszkole125.edu.wroclaw.pl\/index.php\/wp-json\/wp\/v2\/media?parent=188"}],"curies":[{"name":"wp","href":"https:\/\/api.w.org\/{rel}","templated":true}]}}