


{"id":172,"date":"2023-06-28T08:05:22","date_gmt":"2023-06-28T06:05:22","guid":{"rendered":"https:\/\/przedszkole125.edu.wroclaw.pl\/?page_id=172"},"modified":"2024-07-05T09:10:15","modified_gmt":"2024-07-05T07:10:15","slug":"bajki-terapeutyczne","status":"publish","type":"page","link":"https:\/\/przedszkole125.edu.wroclaw.pl\/index.php\/bajki-terapeutyczne\/","title":{"rendered":"Bajki terapeutyczne"},"content":{"rendered":"<div class=\"wpb-content-wrapper\"><p>[vc_row][vc_column][vc_column_text css=&#8221;&#8221;]<\/p>\n<h2><span style=\"font-size: 14pt;\">Zapraszamy do odwiedzenia strony internetowej <a title=\"Strona otwiera si\u0119 w nowym oknie\" href=\"http:\/\/bajki-zasypianki.pl\" target=\"_blank\" rel=\"noreferrer noopener\" data-fontsize=\"16\">bajki-zasypianki.pl<\/a>, na kt\u00f3rej dost\u0119pne s\u0105 bajki relaksacyjne i pomagajki (terapeutyczne).<\/span><\/h2>\n<p><span style=\"font-size: 14pt;\"><img loading=\"lazy\" decoding=\"async\" class=\"alignleft wp-image-174 size-medium\" src=\"\/wp-content\/uploads\/sites\/78\/2023\/06\/ksiezyc-300x212.jpg\" alt=\"Ksi\u0119\u017cyc\" width=\"300\" height=\"212\" srcset=\"https:\/\/przedszkole125.edu.wroclaw.pl\/wp-content\/uploads\/sites\/78\/2023\/06\/ksiezyc-300x212.jpg 300w, https:\/\/przedszkole125.edu.wroclaw.pl\/wp-content\/uploads\/sites\/78\/2023\/06\/ksiezyc-600x424.jpg 600w, https:\/\/przedszkole125.edu.wroclaw.pl\/wp-content\/uploads\/sites\/78\/2023\/06\/ksiezyc.jpg 640w\" sizes=\"auto, (max-width: 300px) 100vw, 300px\" \/><\/span><br \/>\n<span style=\"font-size: 14pt;\">Bajki terapeutyczne pomagaj\u0105 dziecku w przezwyci\u0119\u017caniu l\u0119k\u00f3w oraz w radzeniu sobie w r\u00f3\u017cnych sytuacjach. Wiele prze\u017cy\u0107, kt\u00f3re dla maluch\u00f3w s\u0105 trudne, rodzicom mog\u0105 wyda\u0107 si\u0119 b\u0142ahe.<\/span><br \/>\n<span style=\"font-size: 14pt;\">Bajki terapeutyczne s\u0105 pr\u00f3b\u0105 podj\u0119cia walki z problemami, kt\u00f3re dotykaj\u0105 najm\u0142odsze pokolenie (strach przed ciemno\u015bci\u0105, pierwsza wizyta u dentysty, k\u0142\u00f3tnie w\u015br\u00f3d rodze\u0144stwa i wiele innych.) Bajki jakie chcemy Pa\u0144stwu zaproponowa\u0107, poruszaj\u0105 r\u00f3wnie\u017c tematy takie jak niepe\u0142nosprawno\u015b\u0107, mutyzm czy autyzm.<\/span><\/p>\n<p><span style=\"font-size: 14pt;\">Pe\u0142na lista bajek dost\u0119pna pod adresem: <a title=\"Strona otwiera si\u0119 w nowym oknie\" href=\"https:\/\/bajki-zasypianki.pl\/?nltr=NzsxNTIxMztodHRwczovL2JhamtpLXphc3lwaWFua2kucGwvYmFqa2ktcG9tYWdhamtpLzs7YmJjNjNjMDRjYjczMDUwZTlkMmQ1OTE3ZDNiNTBjNTQ%3D\" target=\"_blank\" rel=\"noreferrer noopener\"> https:\/\/bajki-zasypianki.pl\/bajki-pomagajki\/<\/a><\/span>[\/vc_column_text][\/vc_column][\/vc_row]<\/p>\n<\/div>","protected":false},"excerpt":{"rendered":"<p>[vc_row][vc_column][vc_column_text css=&#8221;&#8221;] Zapraszamy do odwiedzenia strony internetowej bajki-zasypianki.pl, na kt\u00f3rej dost\u0119pne s\u0105 bajki relaksacyjne i pomagajki (terapeutyczne). Bajki terapeutyczne pomagaj\u0105 dziecku w przezwyci\u0119\u017caniu l\u0119k\u00f3w oraz w radzeniu sobie w r\u00f3\u017cnych [&hellip;]<\/p>\n","protected":false},"author":72,"featured_media":0,"parent":0,"menu_order":0,"comment_status":"closed","ping_status":"closed","template":"","meta":{"footnotes":""},"class_list":["post-172","page","type-page","status-publish","hentry","clearfix"],"_links":{"self":[{"href":"https:\/\/przedszkole125.edu.wroclaw.pl\/index.php\/wp-json\/wp\/v2\/pages\/172","targetHints":{"allow":["GET"]}}],"collection":[{"href":"https:\/\/przedszkole125.edu.wroclaw.pl\/index.php\/wp-json\/wp\/v2\/pages"}],"about":[{"href":"https:\/\/przedszkole125.edu.wroclaw.pl\/index.php\/wp-json\/wp\/v2\/types\/page"}],"author":[{"embeddable":true,"href":"https:\/\/przedszkole125.edu.wroclaw.pl\/index.php\/wp-json\/wp\/v2\/users\/72"}],"replies":[{"embeddable":true,"href":"https:\/\/przedszkole125.edu.wroclaw.pl\/index.php\/wp-json\/wp\/v2\/comments?post=172"}],"version-history":[{"count":8,"href":"https:\/\/przedszkole125.edu.wroclaw.pl\/index.php\/wp-json\/wp\/v2\/pages\/172\/revisions"}],"predecessor-version":[{"id":1107,"href":"https:\/\/przedszkole125.edu.wroclaw.pl\/index.php\/wp-json\/wp\/v2\/pages\/172\/revisions\/1107"}],"wp:attachment":[{"href":"https:\/\/przedszkole125.edu.wroclaw.pl\/index.php\/wp-json\/wp\/v2\/media?parent=172"}],"curies":[{"name":"wp","href":"https:\/\/api.w.org\/{rel}","templated":true}]}}