


{"id":163,"date":"2023-06-28T07:41:07","date_gmt":"2023-06-28T05:41:07","guid":{"rendered":"https:\/\/przedszkole125.edu.wroclaw.pl\/?page_id=163"},"modified":"2024-09-26T20:23:02","modified_gmt":"2024-09-26T18:23:02","slug":"biblioteczka-rodzica","status":"publish","type":"page","link":"https:\/\/przedszkole125.edu.wroclaw.pl\/index.php\/biblioteczka-rodzica\/","title":{"rendered":"Biblioteczka rodzica"},"content":{"rendered":"<div class=\"wpb-content-wrapper\"><p>[vc_row][vc_column][vc_single_image image=&#8221;164&#8243; img_size=&#8221;medium&#8221; alignment=&#8221;center&#8221;][\/vc_column][\/vc_row][vc_row][vc_column][vc_column_text css=&#8221;&#8221;]<\/p>\n<h2><span style=\"font-size: 14pt\"><strong>Zapraszamy Pa\u0144stwa do wypo\u017cyczania ksi\u0105\u017cek z zasob\u00f3w biblioteki przedszkolnej. <\/strong><\/span><\/h2>\n<h2><span style=\"font-size: 14pt\"><strong>Osob\u0105 odpowiedzialn\u0105 jest mgr Anna Urbaniak.<br \/>\n<\/strong><\/span><\/h2>\n<p data-fontsize=\"16\"><span style=\"font-size: 14pt\">Szukany tytu\u0142 lub autora mo\u017cna odszuka\u0107 przegl\u0105daj\u0105c poni\u017csz\u0105 list\u0119.<\/span><\/p>\n<table style=\"margin-left: 15px;width: 48.0877%;height: 2352px\" border=\"0\" rules=\"NONE\" cellspacing=\"0\">\n<colgroup>\n<col width=\"160\" \/>\n<col width=\"332\" \/><\/colgroup>\n<tbody>\n<tr style=\"border: 1px solid #e0dede\">\n<td align=\"CENTER\" width=\"160\" height=\"17\"><span style=\"font-size: 14pt\">Autor<\/span><\/td>\n<td align=\"CENTER\" width=\"332\"><span style=\"font-size: 14pt\">Tytu\u0142<\/span><\/td>\n<\/tr>\n<tr style=\"border: 1px solid #e0dede\">\n<td align=\"LEFT\" height=\"17\"><span style=\"font-size: 14pt\">Stowe Virginia<\/span><\/td>\n<td align=\"LEFT\"><span style=\"font-size: 14pt\">\u201eJak porozumie\u0107 si\u0119 z w\u0142asnym dzieckiem\u201d<\/span><\/td>\n<\/tr>\n<tr style=\"border: 1px solid #e0dede\">\n<td align=\"LEFT\" height=\"17\"><span style=\"font-size: 14pt\">Braun Andrea<\/span><\/td>\n<td align=\"LEFT\"><span style=\"font-size: 14pt\">\u201eCzy dzieci musz\u0105 mie\u0107 wszystko\u201d<\/span><\/td>\n<\/tr>\n<tr style=\"border: 1px solid #e0dede\">\n<td align=\"LEFT\" height=\"17\"><span style=\"font-size: 14pt\">\u0141obocki Mieczys\u0142aw<\/span><\/td>\n<td align=\"LEFT\"><span style=\"font-size: 14pt\">\u201eABC Wychowania\u201d<\/span><\/td>\n<\/tr>\n<tr style=\"border: 1px solid #e0dede\">\n<td align=\"LEFT\" height=\"17\"><span style=\"font-size: 14pt\">Lewis David<\/span><\/td>\n<td align=\"LEFT\"><span style=\"font-size: 14pt\">\u201eJak wychowywa\u0107 zdolne dziecko\u201d<\/span><\/td>\n<\/tr>\n<tr style=\"border: 1px solid #e0dede\">\n<td align=\"LEFT\" height=\"17\"><span style=\"font-size: 14pt\">Ko\u015bcielska Ma\u0142gorzata<\/span><\/td>\n<td align=\"LEFT\"><span style=\"font-size: 14pt\">\u201eOblicza upo\u015bledzenia\u201d<\/span><\/td>\n<\/tr>\n<tr style=\"border: 1px solid #e0dede\">\n<td align=\"LEFT\" height=\"17\"><span style=\"font-size: 14pt\">Haug \u2013 Schnabel Gabriele<\/span><\/td>\n<td align=\"LEFT\"><span style=\"font-size: 14pt\">\u201eAgresja w przedszkolu\u201d<\/span><\/td>\n<\/tr>\n<tr style=\"border: 1px solid #e0dede\">\n<td align=\"LEFT\" height=\"17\"><span style=\"font-size: 14pt\">Eichelberger Wojciech<\/span><\/td>\n<td align=\"LEFT\"><span style=\"font-size: 14pt\">\u201eJak wychowywa\u0107 szcz\u0119\u015bliwe dzieci\u201d<\/span><\/td>\n<\/tr>\n<tr style=\"border: 1px solid #e0dede\">\n<td align=\"LEFT\" height=\"17\"><span style=\"font-size: 14pt\">Herbert Martin<\/span><\/td>\n<td align=\"LEFT\"><span style=\"font-size: 14pt\">\u201eCo wolno dziecku\u201d<\/span><\/td>\n<\/tr>\n<tr style=\"border: 1px solid #e0dede\">\n<td align=\"LEFT\" height=\"17\"><span style=\"font-size: 14pt\">Fulghum Robert<\/span><\/td>\n<td align=\"LEFT\"><span style=\"font-size: 14pt\">\u201eWszystkiego, co naprawd\u0119 trzeba wiedzie\u0107, nauczy\u0142em si\u0119 w przedszkolu\u201d<\/span><\/td>\n<\/tr>\n<tr style=\"border: 1px solid #e0dede\">\n<td align=\"LEFT\" height=\"17\"><span style=\"font-size: 14pt\">Alcalde Samuel<\/span><\/td>\n<td align=\"LEFT\"><span style=\"font-size: 14pt\">\u201e20 b\u0142\u0119d\u00f3w dzisiejszych rodzic\u00f3w\u201d<\/span><\/td>\n<\/tr>\n<tr style=\"border: 1px solid #e0dede\">\n<td align=\"LEFT\" height=\"17\"><span style=\"font-size: 14pt\">Antier Edwige<\/span><\/td>\n<td align=\"LEFT\"><span style=\"font-size: 14pt\">\u201eAgresja u dziecka i nastolatki\u201d<\/span><\/td>\n<\/tr>\n<tr style=\"border: 1px solid #e0dede\">\n<td align=\"LEFT\" height=\"17\"><span style=\"font-size: 14pt\">Olechnowicz Hanna<\/span><\/td>\n<td align=\"LEFT\"><span style=\"font-size: 14pt\">\u201eDrugie opowie\u015bci terapeut\u00f3w\u201d<\/span><\/td>\n<\/tr>\n<tr style=\"border: 1px solid #e0dede\">\n<td align=\"LEFT\" height=\"17\"><span style=\"font-size: 14pt\">Olechnowicz Hanna<\/span><\/td>\n<td align=\"LEFT\"><span style=\"font-size: 14pt\">\u201eOpowie\u015bci terapeut\u00f3w\u201d<\/span><\/td>\n<\/tr>\n<tr style=\"border: 1px solid #e0dede\">\n<td align=\"LEFT\" height=\"17\"><span style=\"font-size: 14pt\">Molicka Maria<\/span><\/td>\n<td align=\"LEFT\"><span style=\"font-size: 14pt\">\u201eBajka terapeutyczna\u201d<\/span><\/td>\n<\/tr>\n<tr style=\"border: 1px solid #e0dede\">\n<td align=\"LEFT\" height=\"17\"><span style=\"font-size: 14pt\">Markstein Dorota<\/span><\/td>\n<td align=\"LEFT\"><span style=\"font-size: 14pt\">\u201eJak by\u0107 matk\u0105 dziecka z zespo\u0142em Downa\u201d<\/span><\/td>\n<\/tr>\n<tr style=\"border: 1px solid #e0dede\">\n<td align=\"LEFT\" height=\"17\"><span style=\"font-size: 14pt\">Serfontein Gordon<\/span><\/td>\n<td align=\"LEFT\"><span style=\"font-size: 14pt\">\u201eTwoje nadpobudliwe dziecko\u201d<\/span><\/td>\n<\/tr>\n<tr style=\"border: 1px solid #e0dede\">\n<td align=\"LEFT\" height=\"17\"><span style=\"font-size: 14pt\">Dobson James<\/span><\/td>\n<td align=\"LEFT\"><span style=\"font-size: 14pt\">\u201eRozmowy z rodzicami\u201d<\/span><\/td>\n<\/tr>\n<tr style=\"border: 1px solid #e0dede\">\n<td align=\"LEFT\" height=\"17\"><span style=\"font-size: 14pt\">Justyna D\u0105browska<\/span><\/td>\n<td align=\"LEFT\"><span style=\"font-size: 14pt\">\u201eBez stresu z dzie\u0107mi\u201d<\/span><\/td>\n<\/tr>\n<tr style=\"border: 1px solid #e0dede\">\n<td align=\"LEFT\" height=\"17\"><span style=\"font-size: 14pt\">Philps Caroline<\/span><\/td>\n<td align=\"LEFT\"><span style=\"font-size: 14pt\">\u201eMamusiu dlaczego mam zesp\u00f3\u0142 Downa\u201d<\/span><\/td>\n<\/tr>\n<tr style=\"border: 1px solid #e0dede\">\n<td align=\"LEFT\" height=\"17\"><span style=\"font-size: 14pt\">Sawa Barbara<\/span><\/td>\n<td align=\"LEFT\"><span style=\"font-size: 14pt\">\u201eDzieci z zaburzeniami mowy\u201d<\/span><\/td>\n<\/tr>\n<tr style=\"border: 1px solid #e0dede\">\n<td align=\"LEFT\" height=\"17\"><span style=\"font-size: 14pt\">Jegier Aneta<\/span><\/td>\n<td align=\"LEFT\"><span style=\"font-size: 14pt\">\u201eMoje dziecko w przedszkolu\u201d<\/span><\/td>\n<\/tr>\n<tr style=\"border: 1px solid #e0dede\">\n<td align=\"LEFT\" height=\"17\"><span style=\"font-size: 14pt\">Eichelberger Wojciech<\/span><\/td>\n<td align=\"LEFT\"><span style=\"font-size: 14pt\">\u201eO co pytaj\u0105 dzieci?\u201d<\/span><\/td>\n<\/tr>\n<tr style=\"border: 1px solid #e0dede\">\n<td align=\"LEFT\" height=\"17\"><span style=\"font-size: 14pt\">Poland Janet<\/span><\/td>\n<td align=\"LEFT\"><span style=\"font-size: 14pt\">\u201eTrudne dziecko\u201d<\/span><\/td>\n<\/tr>\n<tr style=\"border: 1px solid #e0dede\">\n<td align=\"LEFT\" height=\"17\"><span style=\"font-size: 14pt\">Stratford Brian<\/span><\/td>\n<td align=\"LEFT\"><span style=\"font-size: 14pt\">\u201eZesp\u00f3\u0142 Downa\u201d<\/span><\/td>\n<\/tr>\n<tr style=\"border: 1px solid #e0dede\">\n<td align=\"LEFT\" height=\"17\"><span style=\"font-size: 14pt\">Grandin Temple<\/span><\/td>\n<td align=\"LEFT\"><span style=\"font-size: 14pt\">\u201eBy\u0142am dzieckiem autystycznym\u201d<\/span><\/td>\n<\/tr>\n<tr style=\"border: 1px solid #e0dede\">\n<td align=\"LEFT\" height=\"17\"><span style=\"font-size: 14pt\">\u0141aciak Beata<\/span><\/td>\n<td align=\"LEFT\"><span style=\"font-size: 14pt\">\u201e\u015awiat spo\u0142eczny dziecka\u201d<\/span><\/td>\n<\/tr>\n<tr style=\"border: 1px solid #e0dede\">\n<td align=\"LEFT\" height=\"17\"><span style=\"font-size: 14pt\">Brejnak Wojciech<\/span><\/td>\n<td align=\"LEFT\"><span style=\"font-size: 14pt\">\u201eKochaj i wspomagaj\u201d<\/span><\/td>\n<\/tr>\n<tr style=\"border: 1px solid #e0dede\">\n<td align=\"LEFT\" height=\"17\"><span style=\"font-size: 14pt\">Wolf \u2013 Wedigo Wolfram<\/span><\/td>\n<td align=\"LEFT\"><span style=\"font-size: 14pt\">\u201eNadpobudliwe i niespokojne dzieci w przedszkolu\u201d<\/span><\/td>\n<\/tr>\n<tr style=\"border: 1px solid #e0dede\">\n<td align=\"LEFT\" height=\"17\"><span style=\"font-size: 14pt\">Beil Brigitte<\/span><\/td>\n<td align=\"LEFT\"><span style=\"font-size: 14pt\">\u201eDziecko grzeczne i niegrzeczne\u201d<\/span><\/td>\n<\/tr>\n<tr style=\"border: 1px solid #e0dede\">\n<td align=\"LEFT\" height=\"17\"><span style=\"font-size: 14pt\">\u015awi\u0119cicka Ma\u0142gorzata<\/span><\/td>\n<td align=\"LEFT\"><span style=\"font-size: 14pt\">\u201eDzieci z trudno\u015bciami w czytaniu i pisaniu\u201d<\/span><\/td>\n<\/tr>\n<tr style=\"border: 1px solid #e0dede\">\n<td align=\"LEFT\" height=\"17\"><span style=\"font-size: 14pt\">Ko\u015bcielska Ma\u0142gorzata<\/span><\/td>\n<td align=\"LEFT\"><span style=\"font-size: 14pt\">\u201eDzieci z zespo\u0142em Downa\u201d<\/span><\/td>\n<\/tr>\n<tr style=\"border: 1px solid #e0dede\">\n<td align=\"LEFT\" height=\"17\"><span style=\"font-size: 14pt\">Kobosko Joanna, Kosmalowa Joanna<\/span><\/td>\n<td align=\"LEFT\"><span style=\"font-size: 14pt\">\u201eDzieci z uszkodzonym s\u0142uchem\u201d<\/span><\/td>\n<\/tr>\n<tr style=\"border: 1px solid #e0dede\">\n<td align=\"LEFT\" height=\"17\"><span style=\"font-size: 14pt\">Bogucka Jadwiga, Ko\u015bcielska Ma\u0142gorzata<\/span><\/td>\n<td align=\"LEFT\"><span style=\"font-size: 14pt\">\u201eDzieci z pora\u017ceniem m\u00f3zgowym\u201d<\/span><\/td>\n<\/tr>\n<tr style=\"border: 1px solid #e0dede\">\n<td align=\"LEFT\" height=\"17\"><span style=\"font-size: 14pt\">Kuczy\u0144ska \u2013 Kwapisz Jadwiga<\/span><\/td>\n<td align=\"LEFT\"><span style=\"font-size: 14pt\">\u201eDzieci niewidome i s\u0142abowidz\u0105ce\u201d<\/span><\/td>\n<\/tr>\n<tr style=\"border: 1px solid #e0dede\">\n<td align=\"LEFT\" height=\"17\"><span style=\"font-size: 14pt\">Ko\u015bcielska Ma\u0142gorzata<\/span><\/td>\n<td align=\"LEFT\"><span style=\"font-size: 14pt\">\u201eRodziny dzieci niepe\u0142nosprawnych\u201d<\/span><\/td>\n<\/tr>\n<tr style=\"border: 1px solid #e0dede\">\n<td align=\"LEFT\" height=\"17\"><span style=\"font-size: 14pt\">Guillaumond F.<\/span><\/td>\n<td align=\"LEFT\"><span style=\"font-size: 14pt\">\u201eNauka komunikowania si\u0119 w grupie przedszkolnej\u201d<\/span><\/td>\n<\/tr>\n<tr style=\"border: 1px solid #e0dede\">\n<td align=\"LEFT\" height=\"17\"><span style=\"font-size: 14pt\">Kotowska Katarzyna<\/span><\/td>\n<td align=\"LEFT\"><span style=\"font-size: 14pt\">\u201eWie\u017ca z klock\u00f3w\u201d<\/span><\/td>\n<\/tr>\n<tr style=\"border: 1px solid #e0dede\">\n<td align=\"LEFT\" height=\"17\"><span style=\"font-size: 14pt\">Faber Adele, Mazlish Elaine<\/span><\/td>\n<td align=\"LEFT\"><span style=\"font-size: 14pt\">\u201eJak m\u00f3wi\u0107, \u017ceby dzieci nas s\u0142ucha\u0142y. Jak s\u0142ucha\u0107, \u017ceby dzieci do nas m\u00f3wi\u0142y\u201d<\/span><\/td>\n<\/tr>\n<tr style=\"border: 1px solid #e0dede\">\n<td align=\"LEFT\" height=\"17\"><span style=\"font-size: 14pt\">Janusz Korczak<\/span><\/td>\n<td align=\"LEFT\"><span style=\"font-size: 14pt\">\u201eJak kocha\u0107 dziecko\u201d<\/span><\/td>\n<\/tr>\n<tr style=\"border: 1px solid #e0dede\">\n<td align=\"LEFT\" height=\"17\"><span style=\"font-size: 14pt\">Zab\u0142ocki Kazimierz Jacek<\/span><\/td>\n<td align=\"LEFT\"><span style=\"font-size: 14pt\">\u201eDziecko niepe\u0142nosprawne, jego rodzina i edukacja\u201d<\/span><\/td>\n<\/tr>\n<tr style=\"border: 1px solid #e0dede\">\n<td align=\"LEFT\" height=\"17\"><span style=\"font-size: 14pt\">Estivill Sancho Eduard, de Bejar Sylvia<\/span><\/td>\n<td align=\"LEFT\"><span style=\"font-size: 14pt\">\u201eU\u015bnij wreszcie\u201d<\/span><\/td>\n<\/tr>\n<tr style=\"border: 1px solid #e0dede\">\n<td align=\"LEFT\" height=\"17\"><span style=\"font-size: 14pt\">Markowa Dawne Powell Anne<\/span><\/td>\n<td align=\"LEFT\"><span style=\"font-size: 14pt\">\u201eTwoje dziecko jest inteligentne\u201d<\/span><\/td>\n<\/tr>\n<tr style=\"border: 1px solid #e0dede\">\n<td align=\"LEFT\" height=\"17\"><span style=\"font-size: 14pt\">Maciarz Aleksandra<\/span><\/td>\n<td align=\"LEFT\"><span style=\"font-size: 14pt\">\u201eZ teorii i bada\u0144 spo\u0142ecznej integracji dzieci niepe\u0142nosprawnych\u201d<\/span><\/td>\n<\/tr>\n<tr style=\"border: 1px solid #e0dede\">\n<td align=\"LEFT\" height=\"17\"><span style=\"font-size: 14pt\">Friedl Johanna<\/span><\/td>\n<td align=\"LEFT\"><span style=\"font-size: 14pt\">\u201eMoje dziecko idzie do przedszkola\u201d<\/span><\/td>\n<\/tr>\n<tr style=\"border: 1px solid #e0dede\">\n<td align=\"LEFT\" height=\"17\"><span style=\"font-size: 14pt\">Olechnowicz Hanna<\/span><\/td>\n<td align=\"LEFT\"><span style=\"font-size: 14pt\">\u201eWyzwalanie aktywno\u015bci dzieci g\u0142\u0119biej upo\u015bledzonych umys\u0142owo\u201d<\/span><\/td>\n<\/tr>\n<tr style=\"border: 1px solid #e0dede\">\n<td align=\"LEFT\" height=\"17\"><span style=\"font-size: 14pt\">Gurtler Helga<\/span><\/td>\n<td align=\"LEFT\"><span style=\"font-size: 14pt\">\u201eJak rozwi\u0105zywa\u0107 konflikty w rodzinie\u201d<\/span><\/td>\n<\/tr>\n<\/tbody>\n<\/table>\n<p>[\/vc_column_text][\/vc_column][\/vc_row]<\/p>\n<\/div>","protected":false},"excerpt":{"rendered":"<p>[vc_row][vc_column][vc_single_image image=&#8221;164&#8243; img_size=&#8221;medium&#8221; alignment=&#8221;center&#8221;][\/vc_column][\/vc_row][vc_row][vc_column][vc_column_text css=&#8221;&#8221;] Zapraszamy Pa\u0144stwa do wypo\u017cyczania ksi\u0105\u017cek z zasob\u00f3w biblioteki przedszkolnej. Osob\u0105 odpowiedzialn\u0105 jest mgr Anna Urbaniak. Szukany tytu\u0142 lub autora mo\u017cna odszuka\u0107 przegl\u0105daj\u0105c poni\u017csz\u0105 list\u0119. Autor [&hellip;]<\/p>\n","protected":false},"author":72,"featured_media":0,"parent":0,"menu_order":0,"comment_status":"closed","ping_status":"closed","template":"","meta":{"footnotes":""},"class_list":["post-163","page","type-page","status-publish","hentry","clearfix"],"_links":{"self":[{"href":"https:\/\/przedszkole125.edu.wroclaw.pl\/index.php\/wp-json\/wp\/v2\/pages\/163","targetHints":{"allow":["GET"]}}],"collection":[{"href":"https:\/\/przedszkole125.edu.wroclaw.pl\/index.php\/wp-json\/wp\/v2\/pages"}],"about":[{"href":"https:\/\/przedszkole125.edu.wroclaw.pl\/index.php\/wp-json\/wp\/v2\/types\/page"}],"author":[{"embeddable":true,"href":"https:\/\/przedszkole125.edu.wroclaw.pl\/index.php\/wp-json\/wp\/v2\/users\/72"}],"replies":[{"embeddable":true,"href":"https:\/\/przedszkole125.edu.wroclaw.pl\/index.php\/wp-json\/wp\/v2\/comments?post=163"}],"version-history":[{"count":11,"href":"https:\/\/przedszkole125.edu.wroclaw.pl\/index.php\/wp-json\/wp\/v2\/pages\/163\/revisions"}],"predecessor-version":[{"id":1255,"href":"https:\/\/przedszkole125.edu.wroclaw.pl\/index.php\/wp-json\/wp\/v2\/pages\/163\/revisions\/1255"}],"wp:attachment":[{"href":"https:\/\/przedszkole125.edu.wroclaw.pl\/index.php\/wp-json\/wp\/v2\/media?parent=163"}],"curies":[{"name":"wp","href":"https:\/\/api.w.org\/{rel}","templated":true}]}}