


{"id":1339,"date":"2024-11-21T13:39:31","date_gmt":"2024-11-21T12:39:31","guid":{"rendered":"https:\/\/przedszkole125.edu.wroclaw.pl\/?page_id=1339"},"modified":"2024-11-22T09:04:34","modified_gmt":"2024-11-22T08:04:34","slug":"narodowy-program-rozwoju-czytelnictwa-2-0","status":"publish","type":"page","link":"https:\/\/przedszkole125.edu.wroclaw.pl\/index.php\/narodowy-program-rozwoju-czytelnictwa-2-0\/","title":{"rendered":"Narodowy Program Rozwoju Czytelnictwa 2.0"},"content":{"rendered":"<div class=\"wpb-content-wrapper\"><p>[vc_row][vc_column][vc_column_text css=&#8221;&#8221;]<\/p>\n<p style=\"text-align: center;\"><em><strong>&#8222;Wystarczy przeczytana bajka, aby da\u0107 dziecku pieszczot\u0119 na ca\u0142e \u017cycie&#8221;<\/strong><\/em><br \/>\n<strong>O tym, jak czytanie ksi\u0105\u017cek wp\u0142ywa na rozw\u00f3j dzieci&#8230;<\/strong><\/p>\n<p style=\"text-align: center;\"><strong><span style=\"color: #000080; font-size: 14pt;\">Czytanie- Klucz do Rozwoju Twojego dziecka.<\/span><\/strong><\/p>\n<p><strong>Drodzy Rodzice!<\/strong><\/p>\n<p>Czy wiecie ze czytanie od najm\u0142odszych lat ma niezwykle pozytywny wp\u0142yw na rozw\u00f3j Waszego dziecka? Dzi\u0119ki wsp\u00f3lnej lekturze oraz zach\u0119caniu do wsp\u00f3lnego czytania, dajecie dziecku nie tylko przyjemno\u015b\u0107, ale tez wspieracie jego rozw\u00f3j intelektualny, emocjonalny i spo\u0142eczny. Poni\u017cej wyja\u015bniamy, jakie korzy\u015bci niesie za sob\u0105 czytanie i jak wp\u0142ywa na ro\u017cne obszary rozwoju.<\/p>\n<p><strong><span style=\"color: #000080;\">DLACZEGO WARTO CZYTA\u0106 Z DZIECKIEM?<\/span><\/strong><\/p>\n<ol>\n<li><strong>Rozw\u00f3j j\u0119zykowy i komunikacyjny.<\/strong> Czytanie rozwija zas\u00f3b s\u0142ownictwa, uczy nowych wyra\u017ce\u0144 oraz poprawnej gramatyki. Dzieci, kt\u00f3re regularnie maja kontakt z ksi\u0105\u017ckami, lepiej rozumiej\u0105, jak tworzy\u0107 logiczne wypowiedzi, lepiej komunikuj\u0105 si\u0119 z r\u00f3wie\u015bnikami i doros\u0142ymi oraz potrafi\u0105 wyra\u017ca\u0107 swoje emocje i my\u015bli.<\/li>\n<li><strong>Rozw\u00f3j intelektualny. <\/strong>Regularne czytanie pobudza ciekawo\u015b\u0107 \u015bwiata i rozwija wyobra\u017ani\u0119. Ksi\u0105\u017cki pozwalaj\u0105 dziecku poznawa\u0107 r\u00f3\u017cne miejsca, kultury i histori\u0119 co wzbogaca jego wiedz\u0119 i uczy my\u015blenia o \u015bwiecie w spos\u00f3b kreatywny. Czytanie pomaga te\u017c w nauce koncentracji i pami\u0119ci oraz przygotowuje do zdobywania bardziej zaawansowanych umiej\u0119tno\u015bci edukacyjnych.<\/li>\n<li><strong>Wsparcie emocjonalne i empatia. <\/strong>Poprzez ksi\u0105\u017cki dziecko prze\u017cywa przygody bohater\u00f3w, uczy si\u0119 rozumie\u0107 ich emocje i zachowania, co buduje w nim empatie i wra\u017cliwo\u015b\u0107 na potrzeby innych. Literatura, zw\u0142aszcza opowiadania i bajki, pomaga zrozumie\u0107 i wyrazi\u0107 w\u0142asne uczucia oraz radzi\u0107 sobie z emocjami w r\u00f3\u017cnych sytuacjach.<\/li>\n<li><strong>Rozw\u00f3j spo\u0142eczny i warto\u015bci. <\/strong>wiele ksi\u0105\u017cek porusza tematy takie jak przyja\u017a\u0144, rodzina, szacunek, odpowiedzialno\u015b\u0107 czy wsp\u00f3\u0142praca. Dzi\u0119ki nim dzieci ucz\u0105 si\u0119 wa\u017cnych warto\u015bci, zasad spo\u0142ecznych oraz lepszego zrozumienia relacji z innymi lud\u017ami. Czytanie wsp\u00f3lnie z rodzicem wzmacnia wi\u0119\u017a i poczucie bezpiecze\u0144stwa.<\/li>\n<\/ol>\n<p><span style=\"color: #000080;\"><strong>JAK WSPIERA\u0106 DZIECKO W ROZWIJANIU PASJI DO CZYTANIA?<\/strong><\/span><\/p>\n<ol>\n<li><span style=\"color: #000000;\"><strong>Wsp\u00f3lne czytanie od najm\u0142odszych lat. <\/strong><\/span>Ju\u017c kilkumiesi\u0119cznemu dziecku warto czyta\u0107 kr\u00f3tkie historie lub wierszyki. Nawet je\u015bli nie rozumie wszystkiego, to rytm, melodia i brzmienie g\u0142osu rodzica pozytywnie na nie wp\u0142ywaj\u0105.<\/li>\n<li><strong>Regularno\u015b\u0107.\u00a0<\/strong>Wyznaczcie codzienny czas na wsp\u00f3lne czytanie np przed snem lub rano. Dzi\u0119ki temu dziecko wyrobi sobie nawyk i b\u0119dzie traktowa\u0107 czytanie jak naturalna cz\u0119\u015b\u0107 dnia.<\/li>\n<li><strong>Dostosowanie ksi\u0105\u017cek do wieku.<\/strong> Wybierajcie ksi\u0105\u017cki adekwatne do wieku i zainteresowa\u0144 dziecka. Zaczynajcie od prostych opowiada\u0144, bajek i wierszy a nast\u0119pnie przechod\u017acie do bardziej z\u0142o\u017conych ksi\u0105\u017cek.<\/li>\n<li><strong>Daj przyk\u0142ad. <\/strong>Dzieci na\u015bladuj\u0105 doros\u0142ych. Je\u015bli widza rodzica czytaj\u0105cego ksi\u0105\u017ck\u0119, samo zacznie traktowa\u0107 czytanie jako interesuj\u0105ce zajecie.<\/li>\n<li><strong>Rozmawiajcie o przeczytanych ksi\u0105\u017ckach. <\/strong>Zadawajcie pytania, co dziecko sadzi o bohaterach lub co wed\u0142ug niego mog\u0142o si\u0119 wydarzy\u0107 dalej. Takie rozmowy rozwijaj\u0105 wyobra\u017ani\u0119 i ucz\u0105 my\u015blenia krytycznego.<\/li>\n<\/ol>\n<p>Czytanie to inwestycja w przysz\u0142o\u015b\u0107 dziecka. Wspieraj\u0105c je w rozwijaniu tej pasji , pomagajcie mu kszta\u0142towa\u0107 umiej\u0119tno\u015bci, kt\u00f3re b\u0119d\u0105 mia\u0142y znaczenie przez ca\u0142e \u017cycie. To najlepszy prezent jaki mo\u017cecie da\u0107 swojemu dziecku- m\u0105dro\u015b\u0107, empatie i ciekawo\u015b\u0107 \u015bwiata.<\/p>\n<p><span style=\"font-size: 14pt; color: #000080;\"><strong>Zacznijcie ju\u017c dzi\u015b i odkryjcie razem z dzieckiem rado\u015b\u0107 p\u0142yn\u0105c\u0105 z literatury.<\/strong> <\/span>[\/vc_column_text][\/vc_column][\/vc_row][vc_row][vc_column][vc_gallery type=&#8221;image_grid&#8221; images=&#8221;1349,1348&#8243; img_size=&#8221;400&#215;600&#8243; css=&#8221;&#8221;][\/vc_column][\/vc_row]<\/p>\n<\/div>","protected":false},"excerpt":{"rendered":"<p>[vc_row][vc_column][vc_column_text css=&#8221;&#8221;] &#8222;Wystarczy przeczytana bajka, aby da\u0107 dziecku pieszczot\u0119 na ca\u0142e \u017cycie&#8221; O tym, jak czytanie ksi\u0105\u017cek wp\u0142ywa na rozw\u00f3j dzieci&#8230; Czytanie- Klucz do Rozwoju Twojego dziecka. Drodzy Rodzice! Czy [&hellip;]<\/p>\n","protected":false},"author":72,"featured_media":0,"parent":0,"menu_order":0,"comment_status":"closed","ping_status":"closed","template":"","meta":{"footnotes":""},"class_list":["post-1339","page","type-page","status-publish","hentry","clearfix"],"_links":{"self":[{"href":"https:\/\/przedszkole125.edu.wroclaw.pl\/index.php\/wp-json\/wp\/v2\/pages\/1339","targetHints":{"allow":["GET"]}}],"collection":[{"href":"https:\/\/przedszkole125.edu.wroclaw.pl\/index.php\/wp-json\/wp\/v2\/pages"}],"about":[{"href":"https:\/\/przedszkole125.edu.wroclaw.pl\/index.php\/wp-json\/wp\/v2\/types\/page"}],"author":[{"embeddable":true,"href":"https:\/\/przedszkole125.edu.wroclaw.pl\/index.php\/wp-json\/wp\/v2\/users\/72"}],"replies":[{"embeddable":true,"href":"https:\/\/przedszkole125.edu.wroclaw.pl\/index.php\/wp-json\/wp\/v2\/comments?post=1339"}],"version-history":[{"count":14,"href":"https:\/\/przedszkole125.edu.wroclaw.pl\/index.php\/wp-json\/wp\/v2\/pages\/1339\/revisions"}],"predecessor-version":[{"id":1357,"href":"https:\/\/przedszkole125.edu.wroclaw.pl\/index.php\/wp-json\/wp\/v2\/pages\/1339\/revisions\/1357"}],"wp:attachment":[{"href":"https:\/\/przedszkole125.edu.wroclaw.pl\/index.php\/wp-json\/wp\/v2\/media?parent=1339"}],"curies":[{"name":"wp","href":"https:\/\/api.w.org\/{rel}","templated":true}]}}